{"id":198,"date":"2025-03-24T15:28:22","date_gmt":"2025-03-24T14:28:22","guid":{"rendered":"https:\/\/tkstolarka.eu\/?page_id=198"},"modified":"2025-04-03T15:40:55","modified_gmt":"2025-04-03T13:40:55","slug":"home","status":"publish","type":"page","link":"https:\/\/tkstolarka.eu\/","title":{"rendered":"Home"},"content":{"rendered":"<section class=\"bde-section-198-100 bde-section\">\n              \n  \n  \n\t\n\n  <div class=\"section-background-overlay\"><\/div>\n\n\n<div class=\"section-container\"><h1 class=\"bde-dual-heading-198-101 bde-dual-heading\">\n\n\n            <span data-style=\"primary\" class=\"dual-heading--primary  \">Tworzymy z pasj\u0105<\/span>\n\n            <span data-style=\"secondary\" class=\"dual-heading--secondary  \">w drewnie<\/span>\n\n\n\n<\/h1><div class=\"bde-text-198-102 bde-text\">\nSpecjalizujemy si\u0119 w projektowaniu i produkcji wysokiej jako\u015bci wyrob\u00f3w z litego drewna, wed\u0142ug oryginalnych i niepowtarzalnych projekt\u00f3w.\n<\/div><\/div>\n<\/section><section class=\"bde-section-198-117 bde-section\">\n  \n  \n\t\n\n\n\n<div class=\"section-container\"><div class=\"bde-columns-198-118 bde-columns\"><div class=\"bde-column-198-119 bde-column\">\n  \n  \n\t\n\n\n\n<h2 class=\"bde-heading-198-120 bde-heading\">\nO naszej firmie\n<\/h2><div class=\"bde-text-198-121 bde-text\">\nZak\u0142ad Stolarski Tomasz Kobierski to firma z ponad 20-letnim do\u015bwiadczeniem, specjalizuj\u0105ca si\u0119 w produkcji schod\u00f3w, drzwi, listew przypod\u0142ogowych, parapet\u00f3w oraz element\u00f3w gi\u0119tych, w tym schod\u00f3w gi\u0119tych. <br><br>Realizujemy r\u00f3wnie\u017c zam\u00f3wienia specjalne, dostosowane do indywidualnych potrzeb klient\u00f3w.Dzi\u0119ki zaawansowanemu parkowi maszynowemu i po\u0142\u0105czeniu tradycyjnego rzemios\u0142a z nowoczesnymi technologiami, nasze produkty wyr\u00f3\u017cniaj\u0105 si\u0119 wysok\u0105 jako\u015bci\u0105, trwa\u0142o\u015bci\u0105 i estetyk\u0105. Schody gi\u0119te to nasza specjalno\u015b\u0107 \u2013 ich eleganckie, p\u0142ynne linie dodaj\u0105 wn\u0119trzom presti\u017cu i wyj\u0105tkowego charakteru.<br><br>Nasza firma nieustannie si\u0119 rozwija, inwestuj\u0105c w innowacyjne rozwi\u0105zania i najwy\u017csze standardy wykonania. Ka\u017cdy projekt realizujemy z pasj\u0105, dba\u0142o\u015bci\u0105 o detale i precyzyjnym rzemios\u0142em.Je\u015bli szukasz unikalnych i solidnych wyrob\u00f3w stolarskich, Zak\u0142ad Stolarski Tomasz Kobierski to gwarancja jako\u015bci i profesjonalizmu!<br>\n<\/div>\n<\/div><div class=\"bde-column-198-123 bde-column\">\n  \n  \n\t\n\n\n\n<img decoding=\"async\" class=\"bde-image2-198-126 bde-image2\" src=\"https:\/\/tkstolarka.eu\/wp-content\/uploads\/2025\/04\/Schody-samonosne-policzkowe-1.jpg\" loading=\"lazy\" srcset=\"https:\/\/tkstolarka.eu\/wp-content\/uploads\/2025\/04\/Schody-samonosne-policzkowe-1.jpg 1200w, https:\/\/tkstolarka.eu\/wp-content\/uploads\/2025\/04\/Schody-samonosne-policzkowe-1-225x300.jpg 225w, https:\/\/tkstolarka.eu\/wp-content\/uploads\/2025\/04\/Schody-samonosne-policzkowe-1-768x1024.jpg 768w, https:\/\/tkstolarka.eu\/wp-content\/uploads\/2025\/04\/Schody-samonosne-policzkowe-1-1152x1536.jpg 1152w\" sizes=\"(max-width: 1200px) 100vw, 1200px\">\n<\/div><\/div><\/div>\n<\/section><section class=\"bde-section-198-109 bde-section\">\n  \n  \n\t\n\n\n\n<div class=\"section-container\"><h1 class=\"bde-heading-198-110 bde-heading\">\nOferta naszego zak\u0142adu stolarskiego\n<\/h1><\/div>\n<\/section><section class=\"bde-section-198-105 bde-section\">\n  \n  \n\t\n\n\n\n<div class=\"section-container\"><div class=\"bde-icon-box-198-106 bde-icon-box\">\n\n    \n            <div class=\"ee-iconbox-icon breakdance-icon-atom\" >\n    \n                    <svg xmlns=\"http:\/\/www.w3.org\/2000\/svg\" viewBox=\"0 0 256 512\"><!--! Font Awesome Free 6.5.1 by @fontawesome - https:\/\/fontawesome.com License - https:\/\/fontawesome.com\/license\/free (Icons: CC BY 4.0, Fonts: SIL OFL 1.1, Code: MIT License) Copyright 2023 Fonticons, Inc. --><path d=\"M160 64c0-11.8-6.5-22.6-16.9-28.2s-23-5-32.8 1.6l-96 64C-.5 111.2-4.4 131 5.4 145.8s29.7 18.7 44.4 8.9L96 123.8V416H32c-17.7 0-32 14.3-32 32s14.3 32 32 32h96 96c17.7 0 32-14.3 32-32s-14.3-32-32-32H160V64z\"\/><\/svg>\n        \n        \n        \n            <\/div>\n    \n\n<div class=\"ee-iconbox-content\">\n      <h3 class=\"ee-iconbox-title bde-h3\" >Schody<\/h3>\n        <div class=\"ee-iconbox-text\" >Projektujemy i produkujemy schody samono\u015bne oraz ok\u0142adki na beton. Specjalizujemy si\u0119 tak\u017ce w schodach gi\u0119tych i gi\u0119tych por\u0119czach.<\/div>\n            \n                                    \n    \n    \n    \n    \n            \n                    \n            \n            \n\n    \n    \n    \n    \n    \n    <a class=\"breakdance-link button-atom button-atom--text ee-iconbox-button\" href=\"https:\/\/tkstolarka.eu\/index.php\/schody\/\" target=\"_self\" data-type=\"url\"  >\n\n    \n        <span class=\"button-atom__text\">Oferta<\/span>\n\n        \n        \n                <\/a>\n\n    \n\n  <\/div>\n\n<\/div><div class=\"bde-icon-box-198-111 bde-icon-box\">\n\n    \n            <div class=\"ee-iconbox-icon breakdance-icon-atom\" >\n    \n                    <svg xmlns=\"http:\/\/www.w3.org\/2000\/svg\" viewBox=\"0 0 320 512\"><!--! Font Awesome Free 6.5.1 by @fontawesome - https:\/\/fontawesome.com License - https:\/\/fontawesome.com\/license\/free (Icons: CC BY 4.0, Fonts: SIL OFL 1.1, Code: MIT License) Copyright 2023 Fonticons, Inc. --><path d=\"M142.9 96c-21.5 0-42.2 8.5-57.4 23.8L54.6 150.6c-12.5 12.5-32.8 12.5-45.3 0s-12.5-32.8 0-45.3L40.2 74.5C67.5 47.3 104.4 32 142.9 32C223 32 288 97 288 177.1c0 38.5-15.3 75.4-42.5 102.6L109.3 416H288c17.7 0 32 14.3 32 32s-14.3 32-32 32H32c-12.9 0-24.6-7.8-29.6-19.8s-2.2-25.7 6.9-34.9L200.2 234.5c15.2-15.2 23.8-35.9 23.8-57.4c0-44.8-36.3-81.1-81.1-81.1z\"\/><\/svg>\n        \n        \n        \n            <\/div>\n    \n\n<div class=\"ee-iconbox-content\">\n      <h3 class=\"ee-iconbox-title bde-h3\" >Drzwi<\/h3>\n        <div class=\"ee-iconbox-text\" >Tworzymy drewniane drzwi wewn\u0119trzne w r\u00f3\u017cnych stylach, dopasowane do indywidualnych potrzeb klienta. <\/div>\n            \n                                    \n    \n    \n    \n    \n            \n                    \n            \n            \n\n    \n    \n    \n    \n    \n    <a class=\"breakdance-link button-atom button-atom--text ee-iconbox-button\" href=\"https:\/\/tkstolarka.eu\/index.php\/drzwi\/\" target=\"_self\" data-type=\"url\"  >\n\n    \n        <span class=\"button-atom__text\">Oferta<\/span>\n\n        \n        \n                <\/a>\n\n    \n\n  <\/div>\n\n<\/div><div class=\"bde-icon-box-198-112 bde-icon-box\">\n\n    \n            <div class=\"ee-iconbox-icon breakdance-icon-atom\" >\n    \n                    <svg xmlns=\"http:\/\/www.w3.org\/2000\/svg\" viewBox=\"0 0 320 512\"><!--! Font Awesome Free 6.5.1 by @fontawesome - https:\/\/fontawesome.com License - https:\/\/fontawesome.com\/license\/free (Icons: CC BY 4.0, Fonts: SIL OFL 1.1, Code: MIT License) Copyright 2023 Fonticons, Inc. --><path d=\"M0 64C0 46.3 14.3 32 32 32H272c13.2 0 25 8.1 29.8 20.4s1.5 26.3-8.2 35.2L162.3 208H184c75.1 0 136 60.9 136 136s-60.9 136-136 136H105.4C63 480 24.2 456 5.3 418.1l-1.9-3.8c-7.9-15.8-1.5-35 14.3-42.9s35-1.5 42.9 14.3l1.9 3.8c8.1 16.3 24.8 26.5 42.9 26.5H184c39.8 0 72-32.2 72-72s-32.2-72-72-72H80c-13.2 0-25-8.1-29.8-20.4s-1.5-26.3 8.2-35.2L189.7 96H32C14.3 96 0 81.7 0 64z\"\/><\/svg>\n        \n        \n        \n            <\/div>\n    \n\n<div class=\"ee-iconbox-content\">\n      <h3 class=\"ee-iconbox-title bde-h3\" >Parapety<\/h3>\n        <div class=\"ee-iconbox-text\" >Parapety drewniane to elegancki wyb\u00f3r, kt\u00f3ry nadaje wn\u0119trzom ciep\u0142a i charakteru. W naszej ofercie znajduj\u0105 si\u0119 parapety w r\u00f3\u017cnych stylach.<\/div>\n            \n                                    \n    \n    \n    \n    \n            \n                    \n            \n            \n\n    \n    \n    \n    \n    \n    <a class=\"breakdance-link button-atom button-atom--text ee-iconbox-button\" href=\"https:\/\/tkstolarka.eu\/index.php\/parapety\/\" target=\"_self\" data-type=\"url\"  >\n\n    \n        <span class=\"button-atom__text\">Oferta<\/span>\n\n        \n        \n                <\/a>\n\n    \n\n  <\/div>\n\n<\/div><\/div>\n<\/section><section class=\"bde-section-198-113 bde-section\">\n  \n  \n\t\n\n\n\n<div class=\"section-container\"><div class=\"bde-icon-box-198-114 bde-icon-box\">\n\n    \n            <div class=\"ee-iconbox-icon breakdance-icon-atom\" >\n    \n                    <svg xmlns=\"http:\/\/www.w3.org\/2000\/svg\" viewBox=\"0 0 384 512\"><!--! Font Awesome Free 6.5.1 by @fontawesome - https:\/\/fontawesome.com License - https:\/\/fontawesome.com\/license\/free (Icons: CC BY 4.0, Fonts: SIL OFL 1.1, Code: MIT License) Copyright 2023 Fonticons, Inc. --><path d=\"M189 77.6c7.5-16 .7-35.1-15.3-42.6s-35.1-.7-42.6 15.3L3 322.4c-4.7 9.9-3.9 21.5 1.9 30.8S21 368 32 368H256v80c0 17.7 14.3 32 32 32s32-14.3 32-32V368h32c17.7 0 32-14.3 32-32s-14.3-32-32-32H320V160c0-17.7-14.3-32-32-32s-32 14.3-32 32V304H82.4L189 77.6z\"\/><\/svg>\n        \n        \n        \n            <\/div>\n    \n\n<div class=\"ee-iconbox-content\">\n      <h3 class=\"ee-iconbox-title bde-h3\" >Sto\u0142y<\/h3>\n        <div class=\"ee-iconbox-text\" >Oferujemy mo\u017cliwo\u015b\u0107 wykonania sto\u0142\u00f3w loftowych w r\u00f3\u017cnych rozmiarach, grubo\u015bciach i kolorach, aby idealnie pasowa\u0142y do wn\u0119trza i preferencji klienta.<\/div>\n            \n                                    \n    \n    \n    \n    \n            \n                    \n            \n            \n\n    \n    \n    \n    \n    \n    <a class=\"breakdance-link button-atom button-atom--text ee-iconbox-button\" href=\"https:\/\/tkstolarka.eu\/index.php\/stoly-loftowe\/\" target=\"_self\" data-type=\"url\"  >\n\n    \n        <span class=\"button-atom__text\">Oferta<\/span>\n\n        \n        \n                <\/a>\n\n    \n\n  <\/div>\n\n<\/div><div class=\"bde-icon-box-198-115 bde-icon-box\">\n\n    \n            <div class=\"ee-iconbox-icon breakdance-icon-atom\" >\n    \n                    <svg xmlns=\"http:\/\/www.w3.org\/2000\/svg\" viewBox=\"0 0 320 512\"><!--! Font Awesome Free 6.5.1 by @fontawesome - https:\/\/fontawesome.com License - https:\/\/fontawesome.com\/license\/free (Icons: CC BY 4.0, Fonts: SIL OFL 1.1, Code: MIT License) Copyright 2023 Fonticons, Inc. --><path d=\"M32.5 58.3C35.3 43.1 48.5 32 64 32H256c17.7 0 32 14.3 32 32s-14.3 32-32 32H90.7L70.3 208H184c75.1 0 136 60.9 136 136s-60.9 136-136 136H100.5c-39.4 0-75.4-22.3-93-57.5l-4.1-8.2c-7.9-15.8-1.5-35 14.3-42.9s35-1.5 42.9 14.3l4.1 8.2c6.8 13.6 20.6 22.1 35.8 22.1H184c39.8 0 72-32.2 72-72s-32.2-72-72-72H32c-9.5 0-18.5-4.2-24.6-11.5s-8.6-16.9-6.9-26.2l32-176z\"\/><\/svg>\n        \n        \n        \n            <\/div>\n    \n\n<div class=\"ee-iconbox-content\">\n      <h3 class=\"ee-iconbox-title bde-h3\" >Listwy<\/h3>\n        <div class=\"ee-iconbox-text\" >Listwy przypod\u0142ogowe drewniane to eleganckie wyko\u0144czenie, kt\u00f3re doskonale \u0142\u0105czy ca\u0142o\u015b\u0107 wn\u0119trz, nadaj\u0105c im sp\u00f3jny i estetyczny wygl\u0105d.<\/div>\n            \n                                    \n    \n    \n    \n    \n            \n                    \n            \n            \n\n    \n    \n    \n    \n    \n    <a class=\"breakdance-link button-atom button-atom--text ee-iconbox-button\" href=\"https:\/\/tkstolarka.eu\/index.php\/listwy\/\" target=\"_self\" data-type=\"url\"  >\n\n    \n        <span class=\"button-atom__text\">Oferta<\/span>\n\n        \n        \n                <\/a>\n\n    \n\n  <\/div>\n\n<\/div><div class=\"bde-icon-box-198-116 bde-icon-box\">\n\n    \n            <div class=\"ee-iconbox-icon breakdance-icon-atom\" >\n    \n                    <svg xmlns=\"http:\/\/www.w3.org\/2000\/svg\" viewBox=\"0 0 320 512\"><!--! Font Awesome Free 6.5.1 by @fontawesome - https:\/\/fontawesome.com License - https:\/\/fontawesome.com\/license\/free (Icons: CC BY 4.0, Fonts: SIL OFL 1.1, Code: MIT License) Copyright 2023 Fonticons, Inc. --><path d=\"M232.4 84.7c11.4-13.5 9.7-33.7-3.8-45.1s-33.7-9.7-45.1 3.8L38.6 214.7C14.7 242.9 1.1 278.4 .1 315.2c0 1.4-.1 2.9-.1 4.3c0 .2 0 .3 0 .5c0 88.4 71.6 160 160 160s160-71.6 160-160c0-85.5-67.1-155.4-151.5-159.8l63.9-75.6zM256 320A96 96 0 1 1 64 320a96 96 0 1 1 192 0z\"\/><\/svg>\n        \n        \n        \n            <\/div>\n    \n\n<div class=\"ee-iconbox-content\">\n      <h3 class=\"ee-iconbox-title bde-h3\" >Us\u0142ugi stolarskie<\/h3>\n        <div class=\"ee-iconbox-text\" >Tworzymy indywidualne projekty, kt\u00f3re obejmuj\u0105 zabudowy, szafy, szafki do \u0142azienek, belki podsufitowe oraz inne unikalne elementy z drewna.<\/div>\n            \n                                    \n    \n    \n    \n    \n            \n                    \n            \n            \n\n    \n    \n    \n    \n    \n    <a class=\"breakdance-link button-atom button-atom--text ee-iconbox-button\" href=\"https:\/\/tkstolarka.eu\/index.php\/indywidualne-projekty\/\" target=\"_self\" data-type=\"url\"  >\n\n    \n        <span class=\"button-atom__text\">Oferta<\/span>\n\n        \n        \n                <\/a>\n\n    \n\n  <\/div>\n\n<\/div><\/div>\n<\/section><section class=\"bde-section-198-127 bde-section\">\n  \n  \n\t\n\n\n\n<div class=\"section-container\"><h1 class=\"bde-heading-198-129 bde-heading\">\nNasze realizacje\n<\/h1><div class=\"bde-gallery-198-128 bde-gallery\">\n\n\n  \n\n\n\n\n\n\n\n\n\n\n<div class=\"ee-gallery ee-gallery--default ee-gallery--grid ee-gallery--single ee-gallery--lightbox ee-gallery-- ee-gallery--caption- ee-gallery--caption-none ee-gallery--ratio\">\n                  \n      <a class=\"ee-gallery-item ee-gallery-item--image ee-gallery-item--single\" href=\"https:\/\/tkstolarka.eu\/wp-content\/uploads\/2025\/04\/Schody_na_beton-2-scaled.jpg\"  data-sub-html=\"\" data-category=\"1\"                  data-lg-size=\"1920-2560\"\n\n      >\n        <figure class=\"ee-gallery-item-figure\">\n                        <img loading=\"lazy\" decoding=\"async\" class=\"breakdance-image-object\" src=\"https:\/\/tkstolarka.eu\/wp-content\/uploads\/2025\/04\/Schody_na_beton-2-768x1024.jpg\" width=\"768\" height=\"1024\" srcset=\"https:\/\/tkstolarka.eu\/wp-content\/uploads\/2025\/04\/Schody_na_beton-2-scaled.jpg 1920w, https:\/\/tkstolarka.eu\/wp-content\/uploads\/2025\/04\/Schody_na_beton-2-225x300.jpg 225w, https:\/\/tkstolarka.eu\/wp-content\/uploads\/2025\/04\/Schody_na_beton-2-768x1024.jpg 768w, https:\/\/tkstolarka.eu\/wp-content\/uploads\/2025\/04\/Schody_na_beton-2-1152x1536.jpg 1152w, https:\/\/tkstolarka.eu\/wp-content\/uploads\/2025\/04\/Schody_na_beton-2-1536x2048.jpg 1536w\" sizes=\"auto, (max-width: 1920px) 100vw, 1920px\">\n          \n                  <\/figure>\n      <\/a>\n\n                \n      <a class=\"ee-gallery-item ee-gallery-item--image ee-gallery-item--single\" href=\"https:\/\/tkstolarka.eu\/wp-content\/uploads\/2025\/04\/Schody-samonosne-policzkowe-4.jpg\"  data-sub-html=\"\" data-category=\"1\"                  data-lg-size=\"8160-6120\"\n\n      >\n        <figure class=\"ee-gallery-item-figure\">\n                        <img loading=\"lazy\" decoding=\"async\" class=\"breakdance-image-object\" src=\"https:\/\/tkstolarka.eu\/wp-content\/uploads\/2025\/04\/Schody-samonosne-policzkowe-4-1024x768.jpg\" width=\"1024\" height=\"768\" srcset=\"https:\/\/tkstolarka.eu\/wp-content\/uploads\/2025\/04\/Schody-samonosne-policzkowe-4.jpg 8160w, https:\/\/tkstolarka.eu\/wp-content\/uploads\/2025\/04\/Schody-samonosne-policzkowe-4-300x225.jpg 300w, https:\/\/tkstolarka.eu\/wp-content\/uploads\/2025\/04\/Schody-samonosne-policzkowe-4-1024x768.jpg 1024w, https:\/\/tkstolarka.eu\/wp-content\/uploads\/2025\/04\/Schody-samonosne-policzkowe-4-768x576.jpg 768w\" sizes=\"auto, (max-width: 8160px) 100vw, 8160px\">\n          \n                  <\/figure>\n      <\/a>\n\n                \n      <a class=\"ee-gallery-item ee-gallery-item--image ee-gallery-item--single\" href=\"https:\/\/tkstolarka.eu\/wp-content\/uploads\/2025\/04\/Schody_na_beton-3-scaled.jpg\"  data-sub-html=\"\" data-category=\"1\"                  data-lg-size=\"2560-1920\"\n\n      >\n        <figure class=\"ee-gallery-item-figure\">\n                        <img loading=\"lazy\" decoding=\"async\" class=\"breakdance-image-object\" src=\"https:\/\/tkstolarka.eu\/wp-content\/uploads\/2025\/04\/Schody_na_beton-3-1024x768.jpg\" width=\"1024\" height=\"768\" srcset=\"https:\/\/tkstolarka.eu\/wp-content\/uploads\/2025\/04\/Schody_na_beton-3-scaled.jpg 2560w, https:\/\/tkstolarka.eu\/wp-content\/uploads\/2025\/04\/Schody_na_beton-3-300x225.jpg 300w, https:\/\/tkstolarka.eu\/wp-content\/uploads\/2025\/04\/Schody_na_beton-3-1024x768.jpg 1024w, https:\/\/tkstolarka.eu\/wp-content\/uploads\/2025\/04\/Schody_na_beton-3-768x576.jpg 768w, https:\/\/tkstolarka.eu\/wp-content\/uploads\/2025\/04\/Schody_na_beton-3-1536x1152.jpg 1536w, https:\/\/tkstolarka.eu\/wp-content\/uploads\/2025\/04\/Schody_na_beton-3-2048x1536.jpg 2048w\" sizes=\"auto, (max-width: 2560px) 100vw, 2560px\">\n          \n                  <\/figure>\n      <\/a>\n\n                \n      <a class=\"ee-gallery-item ee-gallery-item--image ee-gallery-item--single\" href=\"https:\/\/tkstolarka.eu\/wp-content\/uploads\/2025\/04\/Drzwi_zewnetrzne-4-scaled.jpg\"  data-sub-html=\"\" data-category=\"1\"                  data-lg-size=\"1920-2560\"\n\n      >\n        <figure class=\"ee-gallery-item-figure\">\n                        <img loading=\"lazy\" decoding=\"async\" class=\"breakdance-image-object\" src=\"https:\/\/tkstolarka.eu\/wp-content\/uploads\/2025\/04\/Drzwi_zewnetrzne-4-768x1024.jpg\" width=\"768\" height=\"1024\" srcset=\"https:\/\/tkstolarka.eu\/wp-content\/uploads\/2025\/04\/Drzwi_zewnetrzne-4-scaled.jpg 1920w, https:\/\/tkstolarka.eu\/wp-content\/uploads\/2025\/04\/Drzwi_zewnetrzne-4-225x300.jpg 225w, https:\/\/tkstolarka.eu\/wp-content\/uploads\/2025\/04\/Drzwi_zewnetrzne-4-768x1024.jpg 768w, https:\/\/tkstolarka.eu\/wp-content\/uploads\/2025\/04\/Drzwi_zewnetrzne-4-1152x1536.jpg 1152w, https:\/\/tkstolarka.eu\/wp-content\/uploads\/2025\/04\/Drzwi_zewnetrzne-4-1536x2048.jpg 1536w\" sizes=\"auto, (max-width: 1920px) 100vw, 1920px\">\n          \n                  <\/figure>\n      <\/a>\n\n        \n  <\/div>\n\n\n\n<\/div><\/div>\n<\/section><section class=\"bde-section-198-130 bde-section\">\n  \n  \n\t\n\n\n\n<div class=\"section-container\"><h1 class=\"bde-heading-198-133 bde-heading\">\nZale\u017cy Ci na najwy\u017cszej jako\u015bci i oryginalnym projekcie? Zadzwo\u0144 i um\u00f3w spotkanie w naszej pracowni stolarskiej.\n<\/h1><\/div>\n<\/section>","protected":false},"excerpt":{"rendered":"<p>Tworzymy z pasj\u0105 w drewnie Specjalizujemy si\u0119 w projektowaniu i produkcji wysokiej jako\u015bci wyrob\u00f3w z litego drewna, wed\u0142ug oryginalnych i niepowtarzalnych projekt\u00f3w. O naszej firmie Zak\u0142ad Stolarski Tomasz Kobierski to firma z ponad 20-letnim do\u015bwiadczeniem, specjalizuj\u0105ca si\u0119 w produkcji schod\u00f3w, drzwi, listew przypod\u0142ogowych, parapet\u00f3w oraz element\u00f3w gi\u0119tych, w tym schod\u00f3w gi\u0119tych. Realizujemy r\u00f3wnie\u017c zam\u00f3wienia specjalne, [&hellip;]<\/p>\n","protected":false},"author":1,"featured_media":0,"parent":0,"menu_order":0,"comment_status":"closed","ping_status":"closed","template":"","meta":{"_breakdance_hide_in_design_set":false,"_breakdance_tags":"","footnotes":""},"class_list":["post-198","page","type-page","status-publish","hentry"],"_links":{"self":[{"href":"https:\/\/tkstolarka.eu\/index.php\/wp-json\/wp\/v2\/pages\/198","targetHints":{"allow":["GET"]}}],"collection":[{"href":"https:\/\/tkstolarka.eu\/index.php\/wp-json\/wp\/v2\/pages"}],"about":[{"href":"https:\/\/tkstolarka.eu\/index.php\/wp-json\/wp\/v2\/types\/page"}],"author":[{"embeddable":true,"href":"https:\/\/tkstolarka.eu\/index.php\/wp-json\/wp\/v2\/users\/1"}],"replies":[{"embeddable":true,"href":"https:\/\/tkstolarka.eu\/index.php\/wp-json\/wp\/v2\/comments?post=198"}],"version-history":[{"count":15,"href":"https:\/\/tkstolarka.eu\/index.php\/wp-json\/wp\/v2\/pages\/198\/revisions"}],"predecessor-version":[{"id":327,"href":"https:\/\/tkstolarka.eu\/index.php\/wp-json\/wp\/v2\/pages\/198\/revisions\/327"}],"wp:attachment":[{"href":"https:\/\/tkstolarka.eu\/index.php\/wp-json\/wp\/v2\/media?parent=198"}],"curies":[{"name":"wp","href":"https:\/\/api.w.org\/{rel}","templated":true}]}}