{"id":225,"date":"2025-03-24T16:24:18","date_gmt":"2025-03-24T15:24:18","guid":{"rendered":"https:\/\/tkstolarka.eu\/?page_id=225"},"modified":"2025-04-02T14:44:14","modified_gmt":"2025-04-02T12:44:14","slug":"schody","status":"publish","type":"page","link":"https:\/\/tkstolarka.eu\/index.php\/schody\/","title":{"rendered":"Schody"},"content":{"rendered":"<section class=\"bde-section-225-100 bde-section\">\n  \n  \n\t\n\n\n\n<div class=\"section-container\"><div class=\"bde-columns-225-101 bde-columns\"><div class=\"bde-column-225-102 bde-column\">\n  \n  \n\t\n\n\n\n<div class=\"bde-image-225-103 bde-image\">\n<figure class=\"breakdance-image breakdance-image--206\">\n\t<div class=\"breakdance-image-container\">\n\t\t<div class=\"breakdance-image-clip\"><img loading=\"lazy\" decoding=\"async\" class=\"breakdance-image-object\" src=\"https:\/\/tkstolarka.eu\/wp-content\/uploads\/2025\/03\/484452014_122105044388798634_2416568347803484513_n-1.jpg\" width=\"1073\" height=\"807\" srcset=\"https:\/\/tkstolarka.eu\/wp-content\/uploads\/2025\/03\/484452014_122105044388798634_2416568347803484513_n-1.jpg 1073w, https:\/\/tkstolarka.eu\/wp-content\/uploads\/2025\/03\/484452014_122105044388798634_2416568347803484513_n-1-300x226.jpg 300w, https:\/\/tkstolarka.eu\/wp-content\/uploads\/2025\/03\/484452014_122105044388798634_2416568347803484513_n-1-1024x770.jpg 1024w, https:\/\/tkstolarka.eu\/wp-content\/uploads\/2025\/03\/484452014_122105044388798634_2416568347803484513_n-1-768x578.jpg 768w\" sizes=\"auto, (max-width: 1073px) 100vw, 1073px\"><\/div>\n\t<\/div><\/figure>\n\n<\/div>\n<\/div><div class=\"bde-column-225-104 bde-column\">\n  \n  \n\t\n\n\n\n<h2 class=\"bde-heading-225-105 bde-heading\">\nSchody\n<\/h2><div class=\"bde-text-225-106 bde-text\">\nProjektujemy i produkujemy schody samono\u015bne oraz ok\u0142adki na beton. Specjalizujemy si\u0119 tak\u017ce w schodach gi\u0119tych i gi\u0119tych por\u0119czach, realizuj\u0105c ca\u0142y proces \u2013 od projektu i akceptacji, po produkcj\u0119 i monta\u017c. \u0141\u0105czymy r\u00f3\u017cne materia\u0142y, takie jak drewno, szk\u0142o i metal, dopasowuj\u0105c styl schod\u00f3w do indywidualnych preferencji klienta.<br><br>Oferujemy szeroki wyb\u00f3r rodzaj\u00f3w drewna, od tradycyjnych d\u0119b\u00f3w po egzotyczne gatunki, kt\u00f3re nadadz\u0105 schodom niepowtarzalny charakter. Nasze schody charakteryzuj\u0105 si\u0119 nie tylko funkcjonalno\u015bci\u0105, ale tak\u017ce wyj\u0105tkow\u0105 estetyk\u0105, kt\u00f3ra pasuje do r\u00f3\u017cnych styl\u00f3w architektonicznych. Zapewniamy serwis posprzeda\u017cowy oraz doradztwo, aby nasze produkty s\u0142u\u017cy\u0142y Pa\u0144stwu przez wiele lat.\n<\/div>\n<\/div><\/div><div class=\"bde-columns-225-111 bde-columns\"><div class=\"bde-column-225-112 bde-column\">\n  \n  \n\t\n\n\n\n<div class=\"bde-image-with-zoom-225-113 bde-image-with-zoom image-width-zoom\" style=\"background-image: url(https:\/\/tkstolarka.eu\/wp-content\/uploads\/2025\/04\/Schody_na_beton-3-scaled.jpg\">\n    <img loading=\"lazy\" decoding=\"async\" class=\"breakdance-image-object\" src=\"https:\/\/tkstolarka.eu\/wp-content\/uploads\/2025\/04\/Schody_na_beton-3-scaled.jpg\" width=\"2560\" height=\"1920\" srcset=\"https:\/\/tkstolarka.eu\/wp-content\/uploads\/2025\/04\/Schody_na_beton-3-scaled.jpg 2560w, https:\/\/tkstolarka.eu\/wp-content\/uploads\/2025\/04\/Schody_na_beton-3-300x225.jpg 300w, https:\/\/tkstolarka.eu\/wp-content\/uploads\/2025\/04\/Schody_na_beton-3-1024x768.jpg 1024w, https:\/\/tkstolarka.eu\/wp-content\/uploads\/2025\/04\/Schody_na_beton-3-768x576.jpg 768w, https:\/\/tkstolarka.eu\/wp-content\/uploads\/2025\/04\/Schody_na_beton-3-1536x1152.jpg 1536w, https:\/\/tkstolarka.eu\/wp-content\/uploads\/2025\/04\/Schody_na_beton-3-2048x1536.jpg 2048w\" sizes=\"auto, (max-width: 2560px) 100vw, 2560px\">\n<\/div>\n<\/div><div class=\"bde-column-225-114 bde-column\">\n  \n  \n\t\n\n\n\n<div class=\"bde-image-with-zoom-225-115 bde-image-with-zoom image-width-zoom\" style=\"background-image: url(https:\/\/tkstolarka.eu\/wp-content\/uploads\/2025\/04\/Schody_samonosne_giete-29-scaled.jpg\">\n    <img loading=\"lazy\" decoding=\"async\" class=\"breakdance-image-object\" src=\"https:\/\/tkstolarka.eu\/wp-content\/uploads\/2025\/04\/Schody_samonosne_giete-29-scaled.jpg\" width=\"2560\" height=\"1810\" srcset=\"https:\/\/tkstolarka.eu\/wp-content\/uploads\/2025\/04\/Schody_samonosne_giete-29-scaled.jpg 2560w, https:\/\/tkstolarka.eu\/wp-content\/uploads\/2025\/04\/Schody_samonosne_giete-29-300x212.jpg 300w, https:\/\/tkstolarka.eu\/wp-content\/uploads\/2025\/04\/Schody_samonosne_giete-29-1024x724.jpg 1024w, https:\/\/tkstolarka.eu\/wp-content\/uploads\/2025\/04\/Schody_samonosne_giete-29-768x543.jpg 768w, https:\/\/tkstolarka.eu\/wp-content\/uploads\/2025\/04\/Schody_samonosne_giete-29-1536x1086.jpg 1536w, https:\/\/tkstolarka.eu\/wp-content\/uploads\/2025\/04\/Schody_samonosne_giete-29-2048x1448.jpg 2048w\" sizes=\"auto, (max-width: 2560px) 100vw, 2560px\">\n<\/div>\n<\/div><div class=\"bde-column-225-116 bde-column\">\n  \n  \n\t\n\n\n\n<div class=\"bde-image-with-zoom-225-117 bde-image-with-zoom image-width-zoom\" style=\"background-image: url(https:\/\/tkstolarka.eu\/wp-content\/uploads\/2025\/04\/Schody-samonosne-na-konstrukcji-stalowej-9.jpg\">\n    <img loading=\"lazy\" decoding=\"async\" class=\"breakdance-image-object\" src=\"https:\/\/tkstolarka.eu\/wp-content\/uploads\/2025\/04\/Schody-samonosne-na-konstrukcji-stalowej-9.jpg\" width=\"1600\" height=\"1200\" srcset=\"https:\/\/tkstolarka.eu\/wp-content\/uploads\/2025\/04\/Schody-samonosne-na-konstrukcji-stalowej-9.jpg 1600w, https:\/\/tkstolarka.eu\/wp-content\/uploads\/2025\/04\/Schody-samonosne-na-konstrukcji-stalowej-9-300x225.jpg 300w, https:\/\/tkstolarka.eu\/wp-content\/uploads\/2025\/04\/Schody-samonosne-na-konstrukcji-stalowej-9-1024x768.jpg 1024w, https:\/\/tkstolarka.eu\/wp-content\/uploads\/2025\/04\/Schody-samonosne-na-konstrukcji-stalowej-9-768x576.jpg 768w, https:\/\/tkstolarka.eu\/wp-content\/uploads\/2025\/04\/Schody-samonosne-na-konstrukcji-stalowej-9-1536x1152.jpg 1536w\" sizes=\"auto, (max-width: 1600px) 100vw, 1600px\">\n<\/div>\n<\/div><\/div><h2 class=\"bde-heading-225-118 bde-heading\">\nSchody samono\u015bne gi\u0119te\n<\/h2><div class=\"bde-columns-225-119 bde-columns\"><div class=\"bde-column-225-120 bde-column\">\n  \n  \n\t\n\n\n\n<div class=\"bde-image-with-zoom-225-121 bde-image-with-zoom image-width-zoom\" style=\"background-image: url(https:\/\/tkstolarka.eu\/wp-content\/uploads\/2025\/04\/Schody_samonosne_giete-23-scaled.jpg\">\n    <img loading=\"lazy\" decoding=\"async\" class=\"breakdance-image-object\" src=\"https:\/\/tkstolarka.eu\/wp-content\/uploads\/2025\/04\/Schody_samonosne_giete-23-scaled.jpg\" width=\"1920\" height=\"2560\" srcset=\"https:\/\/tkstolarka.eu\/wp-content\/uploads\/2025\/04\/Schody_samonosne_giete-23-scaled.jpg 1920w, https:\/\/tkstolarka.eu\/wp-content\/uploads\/2025\/04\/Schody_samonosne_giete-23-225x300.jpg 225w, https:\/\/tkstolarka.eu\/wp-content\/uploads\/2025\/04\/Schody_samonosne_giete-23-768x1024.jpg 768w, https:\/\/tkstolarka.eu\/wp-content\/uploads\/2025\/04\/Schody_samonosne_giete-23-1152x1536.jpg 1152w, https:\/\/tkstolarka.eu\/wp-content\/uploads\/2025\/04\/Schody_samonosne_giete-23-1536x2048.jpg 1536w\" sizes=\"auto, (max-width: 1920px) 100vw, 1920px\">\n<\/div>\n<\/div><div class=\"bde-column-225-122 bde-column\">\n  \n  \n\t\n\n\n\n<div class=\"bde-image-with-zoom-225-123 bde-image-with-zoom image-width-zoom\" style=\"background-image: url(https:\/\/tkstolarka.eu\/wp-content\/uploads\/2025\/04\/Schody_samonosne_giete-7.jpg\">\n    <img loading=\"lazy\" decoding=\"async\" class=\"breakdance-image-object\" src=\"https:\/\/tkstolarka.eu\/wp-content\/uploads\/2025\/04\/Schody_samonosne_giete-7.jpg\" width=\"1200\" height=\"1600\" srcset=\"https:\/\/tkstolarka.eu\/wp-content\/uploads\/2025\/04\/Schody_samonosne_giete-7.jpg 1200w, https:\/\/tkstolarka.eu\/wp-content\/uploads\/2025\/04\/Schody_samonosne_giete-7-225x300.jpg 225w, https:\/\/tkstolarka.eu\/wp-content\/uploads\/2025\/04\/Schody_samonosne_giete-7-768x1024.jpg 768w, https:\/\/tkstolarka.eu\/wp-content\/uploads\/2025\/04\/Schody_samonosne_giete-7-1152x1536.jpg 1152w\" sizes=\"auto, (max-width: 1200px) 100vw, 1200px\">\n<\/div>\n<\/div><div class=\"bde-column-225-124 bde-column\">\n  \n  \n\t\n\n\n\n<div class=\"bde-image-with-zoom-225-125 bde-image-with-zoom image-width-zoom\" style=\"background-image: url(https:\/\/tkstolarka.eu\/wp-content\/uploads\/2025\/04\/Schody_samonosne_giete-6-scaled.jpg\">\n    <img loading=\"lazy\" decoding=\"async\" class=\"breakdance-image-object\" src=\"https:\/\/tkstolarka.eu\/wp-content\/uploads\/2025\/04\/Schody_samonosne_giete-6-scaled.jpg\" width=\"1441\" height=\"2560\" srcset=\"https:\/\/tkstolarka.eu\/wp-content\/uploads\/2025\/04\/Schody_samonosne_giete-6-scaled.jpg 1441w, https:\/\/tkstolarka.eu\/wp-content\/uploads\/2025\/04\/Schody_samonosne_giete-6-169x300.jpg 169w, https:\/\/tkstolarka.eu\/wp-content\/uploads\/2025\/04\/Schody_samonosne_giete-6-576x1024.jpg 576w, https:\/\/tkstolarka.eu\/wp-content\/uploads\/2025\/04\/Schody_samonosne_giete-6-768x1365.jpg 768w, https:\/\/tkstolarka.eu\/wp-content\/uploads\/2025\/04\/Schody_samonosne_giete-6-864x1536.jpg 864w, https:\/\/tkstolarka.eu\/wp-content\/uploads\/2025\/04\/Schody_samonosne_giete-6-1153x2048.jpg 1153w\" sizes=\"auto, (max-width: 1441px) 100vw, 1441px\">\n<\/div>\n<\/div><\/div><h2 class=\"bde-heading-225-126 bde-heading\">\nSchody samono\u015bne na konstrukcji stalowej\n<\/h2><div class=\"bde-columns-225-127 bde-columns\"><div class=\"bde-column-225-128 bde-column\">\n  \n  \n\t\n\n\n\n<div class=\"bde-image-with-zoom-225-129 bde-image-with-zoom image-width-zoom\" style=\"background-image: url(https:\/\/tkstolarka.eu\/wp-content\/uploads\/2025\/04\/Schody-samonosne-na-konstrukcji-stalowej-7.jpg\">\n    <img loading=\"lazy\" decoding=\"async\" class=\"breakdance-image-object\" src=\"https:\/\/tkstolarka.eu\/wp-content\/uploads\/2025\/04\/Schody-samonosne-na-konstrukcji-stalowej-7.jpg\" width=\"1200\" height=\"1600\" srcset=\"https:\/\/tkstolarka.eu\/wp-content\/uploads\/2025\/04\/Schody-samonosne-na-konstrukcji-stalowej-7.jpg 1200w, https:\/\/tkstolarka.eu\/wp-content\/uploads\/2025\/04\/Schody-samonosne-na-konstrukcji-stalowej-7-225x300.jpg 225w, https:\/\/tkstolarka.eu\/wp-content\/uploads\/2025\/04\/Schody-samonosne-na-konstrukcji-stalowej-7-768x1024.jpg 768w, https:\/\/tkstolarka.eu\/wp-content\/uploads\/2025\/04\/Schody-samonosne-na-konstrukcji-stalowej-7-1152x1536.jpg 1152w\" sizes=\"auto, (max-width: 1200px) 100vw, 1200px\">\n<\/div>\n<\/div><div class=\"bde-column-225-130 bde-column\">\n  \n  \n\t\n\n\n\n<div class=\"bde-image-with-zoom-225-131 bde-image-with-zoom image-width-zoom\" style=\"background-image: url(https:\/\/tkstolarka.eu\/wp-content\/uploads\/2025\/04\/Schody-samonosne-na-konstrukcji-stalowej-6.jpg\">\n    <img loading=\"lazy\" decoding=\"async\" class=\"breakdance-image-object\" src=\"https:\/\/tkstolarka.eu\/wp-content\/uploads\/2025\/04\/Schody-samonosne-na-konstrukcji-stalowej-6.jpg\" width=\"1200\" height=\"1600\" srcset=\"https:\/\/tkstolarka.eu\/wp-content\/uploads\/2025\/04\/Schody-samonosne-na-konstrukcji-stalowej-6.jpg 1200w, https:\/\/tkstolarka.eu\/wp-content\/uploads\/2025\/04\/Schody-samonosne-na-konstrukcji-stalowej-6-225x300.jpg 225w, https:\/\/tkstolarka.eu\/wp-content\/uploads\/2025\/04\/Schody-samonosne-na-konstrukcji-stalowej-6-768x1024.jpg 768w, https:\/\/tkstolarka.eu\/wp-content\/uploads\/2025\/04\/Schody-samonosne-na-konstrukcji-stalowej-6-1152x1536.jpg 1152w\" sizes=\"auto, (max-width: 1200px) 100vw, 1200px\">\n<\/div>\n<\/div><div class=\"bde-column-225-132 bde-column\">\n  \n  \n\t\n\n\n\n<div class=\"bde-image-with-zoom-225-133 bde-image-with-zoom image-width-zoom\" style=\"background-image: url(https:\/\/tkstolarka.eu\/wp-content\/uploads\/2025\/04\/Schody-samonosne-na-konstrukcji-stalowej-1-scaled.jpg\">\n    <img loading=\"lazy\" decoding=\"async\" class=\"breakdance-image-object\" src=\"https:\/\/tkstolarka.eu\/wp-content\/uploads\/2025\/04\/Schody-samonosne-na-konstrukcji-stalowej-1-scaled.jpg\" width=\"1920\" height=\"2560\" srcset=\"https:\/\/tkstolarka.eu\/wp-content\/uploads\/2025\/04\/Schody-samonosne-na-konstrukcji-stalowej-1-scaled.jpg 1920w, https:\/\/tkstolarka.eu\/wp-content\/uploads\/2025\/04\/Schody-samonosne-na-konstrukcji-stalowej-1-225x300.jpg 225w, https:\/\/tkstolarka.eu\/wp-content\/uploads\/2025\/04\/Schody-samonosne-na-konstrukcji-stalowej-1-768x1024.jpg 768w, https:\/\/tkstolarka.eu\/wp-content\/uploads\/2025\/04\/Schody-samonosne-na-konstrukcji-stalowej-1-1152x1536.jpg 1152w, https:\/\/tkstolarka.eu\/wp-content\/uploads\/2025\/04\/Schody-samonosne-na-konstrukcji-stalowej-1-1536x2048.jpg 1536w\" sizes=\"auto, (max-width: 1920px) 100vw, 1920px\">\n<\/div>\n<\/div><\/div><h2 class=\"bde-heading-225-134 bde-heading\">\nSchody samono\u015bne policzkowe\n<\/h2><div class=\"bde-columns-225-135 bde-columns\"><div class=\"bde-column-225-136 bde-column\">\n  \n  \n\t\n\n\n\n<div class=\"bde-image-with-zoom-225-137 bde-image-with-zoom image-width-zoom\" style=\"background-image: url(https:\/\/tkstolarka.eu\/wp-content\/uploads\/2025\/04\/Schody-samonosne-policzkowe-1.jpg\">\n    <img loading=\"lazy\" decoding=\"async\" class=\"breakdance-image-object\" src=\"https:\/\/tkstolarka.eu\/wp-content\/uploads\/2025\/04\/Schody-samonosne-policzkowe-1.jpg\" width=\"1200\" height=\"1600\" srcset=\"https:\/\/tkstolarka.eu\/wp-content\/uploads\/2025\/04\/Schody-samonosne-policzkowe-1.jpg 1200w, https:\/\/tkstolarka.eu\/wp-content\/uploads\/2025\/04\/Schody-samonosne-policzkowe-1-225x300.jpg 225w, https:\/\/tkstolarka.eu\/wp-content\/uploads\/2025\/04\/Schody-samonosne-policzkowe-1-768x1024.jpg 768w, https:\/\/tkstolarka.eu\/wp-content\/uploads\/2025\/04\/Schody-samonosne-policzkowe-1-1152x1536.jpg 1152w\" sizes=\"auto, (max-width: 1200px) 100vw, 1200px\">\n<\/div>\n<\/div><div class=\"bde-column-225-138 bde-column\">\n  \n  \n\t\n\n\n\n<div class=\"bde-image-with-zoom-225-139 bde-image-with-zoom image-width-zoom\" style=\"background-image: url(https:\/\/tkstolarka.eu\/wp-content\/uploads\/2025\/04\/Schody-samonosne-policzkowe-2.jpg\">\n    <img loading=\"lazy\" decoding=\"async\" class=\"breakdance-image-object\" src=\"https:\/\/tkstolarka.eu\/wp-content\/uploads\/2025\/04\/Schody-samonosne-policzkowe-2.jpg\" width=\"8160\" height=\"6120\" srcset=\"https:\/\/tkstolarka.eu\/wp-content\/uploads\/2025\/04\/Schody-samonosne-policzkowe-2.jpg 8160w, https:\/\/tkstolarka.eu\/wp-content\/uploads\/2025\/04\/Schody-samonosne-policzkowe-2-300x225.jpg 300w, https:\/\/tkstolarka.eu\/wp-content\/uploads\/2025\/04\/Schody-samonosne-policzkowe-2-1024x768.jpg 1024w, https:\/\/tkstolarka.eu\/wp-content\/uploads\/2025\/04\/Schody-samonosne-policzkowe-2-768x576.jpg 768w\" sizes=\"auto, (max-width: 8160px) 100vw, 8160px\">\n<\/div>\n<\/div><div class=\"bde-column-225-140 bde-column\">\n  \n  \n\t\n\n\n\n<div class=\"bde-image-with-zoom-225-141 bde-image-with-zoom image-width-zoom\" style=\"background-image: url(https:\/\/tkstolarka.eu\/wp-content\/uploads\/2025\/04\/Schody-samonosne-policzkowe-4.jpg\">\n    <img loading=\"lazy\" decoding=\"async\" class=\"breakdance-image-object\" src=\"https:\/\/tkstolarka.eu\/wp-content\/uploads\/2025\/04\/Schody-samonosne-policzkowe-4.jpg\" width=\"8160\" height=\"6120\" srcset=\"https:\/\/tkstolarka.eu\/wp-content\/uploads\/2025\/04\/Schody-samonosne-policzkowe-4.jpg 8160w, https:\/\/tkstolarka.eu\/wp-content\/uploads\/2025\/04\/Schody-samonosne-policzkowe-4-300x225.jpg 300w, https:\/\/tkstolarka.eu\/wp-content\/uploads\/2025\/04\/Schody-samonosne-policzkowe-4-1024x768.jpg 1024w, https:\/\/tkstolarka.eu\/wp-content\/uploads\/2025\/04\/Schody-samonosne-policzkowe-4-768x576.jpg 768w\" sizes=\"auto, (max-width: 8160px) 100vw, 8160px\">\n<\/div>\n<\/div><\/div><h2 class=\"bde-heading-225-142 bde-heading\">\nSchody na beton\n<\/h2><div class=\"bde-columns-225-143 bde-columns\"><div class=\"bde-column-225-144 bde-column\">\n  \n  \n\t\n\n\n\n<div class=\"bde-image-with-zoom-225-145 bde-image-with-zoom image-width-zoom\" style=\"background-image: url(https:\/\/tkstolarka.eu\/wp-content\/uploads\/2025\/04\/Schody_na_beton-9.jpg\">\n    <img loading=\"lazy\" decoding=\"async\" class=\"breakdance-image-object\" src=\"https:\/\/tkstolarka.eu\/wp-content\/uploads\/2025\/04\/Schody_na_beton-9.jpg\" width=\"1200\" height=\"1600\" srcset=\"https:\/\/tkstolarka.eu\/wp-content\/uploads\/2025\/04\/Schody_na_beton-9.jpg 1200w, https:\/\/tkstolarka.eu\/wp-content\/uploads\/2025\/04\/Schody_na_beton-9-225x300.jpg 225w, https:\/\/tkstolarka.eu\/wp-content\/uploads\/2025\/04\/Schody_na_beton-9-768x1024.jpg 768w, https:\/\/tkstolarka.eu\/wp-content\/uploads\/2025\/04\/Schody_na_beton-9-1152x1536.jpg 1152w\" sizes=\"auto, (max-width: 1200px) 100vw, 1200px\">\n<\/div>\n<\/div><div class=\"bde-column-225-146 bde-column\">\n  \n  \n\t\n\n\n\n<div class=\"bde-image-with-zoom-225-147 bde-image-with-zoom image-width-zoom\" style=\"background-image: url(https:\/\/tkstolarka.eu\/wp-content\/uploads\/2025\/04\/Schody_na_beton-7.jpg\">\n    <img loading=\"lazy\" decoding=\"async\" class=\"breakdance-image-object\" src=\"https:\/\/tkstolarka.eu\/wp-content\/uploads\/2025\/04\/Schody_na_beton-7.jpg\" width=\"1204\" height=\"1600\" srcset=\"https:\/\/tkstolarka.eu\/wp-content\/uploads\/2025\/04\/Schody_na_beton-7.jpg 1204w, https:\/\/tkstolarka.eu\/wp-content\/uploads\/2025\/04\/Schody_na_beton-7-226x300.jpg 226w, https:\/\/tkstolarka.eu\/wp-content\/uploads\/2025\/04\/Schody_na_beton-7-771x1024.jpg 771w, https:\/\/tkstolarka.eu\/wp-content\/uploads\/2025\/04\/Schody_na_beton-7-768x1021.jpg 768w, https:\/\/tkstolarka.eu\/wp-content\/uploads\/2025\/04\/Schody_na_beton-7-1156x1536.jpg 1156w\" sizes=\"auto, (max-width: 1204px) 100vw, 1204px\">\n<\/div>\n<\/div><div class=\"bde-column-225-148 bde-column\">\n  \n  \n\t\n\n\n\n<div class=\"bde-image-with-zoom-225-149 bde-image-with-zoom image-width-zoom\" style=\"background-image: url(https:\/\/tkstolarka.eu\/wp-content\/uploads\/2025\/04\/Schody_na_beton-2-scaled.jpg\">\n    <img loading=\"lazy\" decoding=\"async\" class=\"breakdance-image-object\" src=\"https:\/\/tkstolarka.eu\/wp-content\/uploads\/2025\/04\/Schody_na_beton-2-scaled.jpg\" width=\"1920\" height=\"2560\" srcset=\"https:\/\/tkstolarka.eu\/wp-content\/uploads\/2025\/04\/Schody_na_beton-2-scaled.jpg 1920w, https:\/\/tkstolarka.eu\/wp-content\/uploads\/2025\/04\/Schody_na_beton-2-225x300.jpg 225w, https:\/\/tkstolarka.eu\/wp-content\/uploads\/2025\/04\/Schody_na_beton-2-768x1024.jpg 768w, https:\/\/tkstolarka.eu\/wp-content\/uploads\/2025\/04\/Schody_na_beton-2-1152x1536.jpg 1152w, https:\/\/tkstolarka.eu\/wp-content\/uploads\/2025\/04\/Schody_na_beton-2-1536x2048.jpg 1536w\" sizes=\"auto, (max-width: 1920px) 100vw, 1920px\">\n<\/div>\n<\/div><\/div><\/div>\n<\/section><section class=\"bde-section-225-109 bde-section\">\n  \n  \n\t\n\n\n\n<div class=\"section-container\"><h1 class=\"bde-heading-225-110 bde-heading\">\nZale\u017cy Ci na najwy\u017cszej jako\u015bci i oryginalnym projekcie? Zadzwo\u0144 i um\u00f3w spotkanie w naszej pracowni stolarskiej.\n<\/h1><\/div>\n<\/section>","protected":false},"excerpt":{"rendered":"<p>Schody Projektujemy i produkujemy schody samono\u015bne oraz ok\u0142adki na beton. Specjalizujemy si\u0119 tak\u017ce w schodach gi\u0119tych i gi\u0119tych por\u0119czach, realizuj\u0105c ca\u0142y proces \u2013 od projektu i akceptacji, po produkcj\u0119 i monta\u017c. \u0141\u0105czymy r\u00f3\u017cne materia\u0142y, takie jak drewno, szk\u0142o i metal, dopasowuj\u0105c styl schod\u00f3w do indywidualnych preferencji klienta.Oferujemy szeroki wyb\u00f3r rodzaj\u00f3w drewna, od tradycyjnych d\u0119b\u00f3w po [&hellip;]<\/p>\n","protected":false},"author":1,"featured_media":0,"parent":0,"menu_order":0,"comment_status":"closed","ping_status":"closed","template":"","meta":{"_breakdance_hide_in_design_set":false,"_breakdance_tags":"","footnotes":""},"class_list":["post-225","page","type-page","status-publish","hentry"],"_links":{"self":[{"href":"https:\/\/tkstolarka.eu\/index.php\/wp-json\/wp\/v2\/pages\/225","targetHints":{"allow":["GET"]}}],"collection":[{"href":"https:\/\/tkstolarka.eu\/index.php\/wp-json\/wp\/v2\/pages"}],"about":[{"href":"https:\/\/tkstolarka.eu\/index.php\/wp-json\/wp\/v2\/types\/page"}],"author":[{"embeddable":true,"href":"https:\/\/tkstolarka.eu\/index.php\/wp-json\/wp\/v2\/users\/1"}],"replies":[{"embeddable":true,"href":"https:\/\/tkstolarka.eu\/index.php\/wp-json\/wp\/v2\/comments?post=225"}],"version-history":[{"count":10,"href":"https:\/\/tkstolarka.eu\/index.php\/wp-json\/wp\/v2\/pages\/225\/revisions"}],"predecessor-version":[{"id":321,"href":"https:\/\/tkstolarka.eu\/index.php\/wp-json\/wp\/v2\/pages\/225\/revisions\/321"}],"wp:attachment":[{"href":"https:\/\/tkstolarka.eu\/index.php\/wp-json\/wp\/v2\/media?parent=225"}],"curies":[{"name":"wp","href":"https:\/\/api.w.org\/{rel}","templated":true}]}}