{"id":233,"date":"2025-03-31T00:09:50","date_gmt":"2025-03-30T22:09:50","guid":{"rendered":"https:\/\/tkstolarka.eu\/?page_id=233"},"modified":"2025-04-02T14:45:31","modified_gmt":"2025-04-02T12:45:31","slug":"drzwi","status":"publish","type":"page","link":"https:\/\/tkstolarka.eu\/index.php\/drzwi\/","title":{"rendered":"Drzwi"},"content":{"rendered":"<section class=\"bde-section-233-100 bde-section\">\n  \n  \n\t\n\n\n\n<div class=\"section-container\"><div class=\"bde-columns-233-101 bde-columns\"><div class=\"bde-column-233-102 bde-column\">\n  \n  \n\t\n\n\n\n<div class=\"bde-image-233-103 bde-image\">\n<figure class=\"breakdance-image breakdance-image--281\">\n\t<div class=\"breakdance-image-container\">\n\t\t<div class=\"breakdance-image-clip\"><img loading=\"lazy\" decoding=\"async\" class=\"breakdance-image-object\" src=\"https:\/\/tkstolarka.eu\/wp-content\/uploads\/2025\/04\/Drzwi_wewnetrzne-2.jpg\" width=\"8160\" height=\"6120\" srcset=\"https:\/\/tkstolarka.eu\/wp-content\/uploads\/2025\/04\/Drzwi_wewnetrzne-2.jpg 8160w, https:\/\/tkstolarka.eu\/wp-content\/uploads\/2025\/04\/Drzwi_wewnetrzne-2-300x225.jpg 300w, https:\/\/tkstolarka.eu\/wp-content\/uploads\/2025\/04\/Drzwi_wewnetrzne-2-1024x768.jpg 1024w, https:\/\/tkstolarka.eu\/wp-content\/uploads\/2025\/04\/Drzwi_wewnetrzne-2-768x576.jpg 768w\" sizes=\"auto, (max-width: 8160px) 100vw, 8160px\"><\/div>\n\t<\/div><\/figure>\n\n<\/div>\n<\/div><div class=\"bde-column-233-104 bde-column\">\n  \n  \n\t\n\n\n\n<h2 class=\"bde-heading-233-105 bde-heading\">\nDrzwi\n<\/h2><div class=\"bde-text-233-106 bde-text\">\nTworzymy drewniane drzwi wewn\u0119trzne w r\u00f3\u017cnych stylach, dopasowane do indywidualnych potrzeb klienta. Oferujemy kompletny zestaw z oscieznic\u0105 i klamk\u0105 , zapewniaj\u0105c estetyk\u0119, trwa\u0142o\u015b\u0107 i wysok\u0105 jako\u015b\u0107 wykonania.\n<\/div>\n<\/div><\/div><h2 class=\"bde-heading-233-116 bde-heading\">\nDrzwi zewn\u0119trzne\n<\/h2><div class=\"bde-columns-233-109 bde-columns\"><div class=\"bde-column-233-110 bde-column\">\n  \n  \n\t\n\n\n\n<div class=\"bde-image-with-zoom-233-111 bde-image-with-zoom image-width-zoom\" style=\"background-image: url(https:\/\/tkstolarka.eu\/wp-content\/uploads\/2025\/04\/Drzwi_zewnetrzne-4-scaled.jpg\">\n    <img loading=\"lazy\" decoding=\"async\" class=\"breakdance-image-object\" src=\"https:\/\/tkstolarka.eu\/wp-content\/uploads\/2025\/04\/Drzwi_zewnetrzne-4-scaled.jpg\" width=\"1920\" height=\"2560\" srcset=\"https:\/\/tkstolarka.eu\/wp-content\/uploads\/2025\/04\/Drzwi_zewnetrzne-4-scaled.jpg 1920w, https:\/\/tkstolarka.eu\/wp-content\/uploads\/2025\/04\/Drzwi_zewnetrzne-4-225x300.jpg 225w, https:\/\/tkstolarka.eu\/wp-content\/uploads\/2025\/04\/Drzwi_zewnetrzne-4-768x1024.jpg 768w, https:\/\/tkstolarka.eu\/wp-content\/uploads\/2025\/04\/Drzwi_zewnetrzne-4-1152x1536.jpg 1152w, https:\/\/tkstolarka.eu\/wp-content\/uploads\/2025\/04\/Drzwi_zewnetrzne-4-1536x2048.jpg 1536w\" sizes=\"auto, (max-width: 1920px) 100vw, 1920px\">\n<\/div>\n<\/div><div class=\"bde-column-233-112 bde-column\">\n  \n  \n\t\n\n\n\n<div class=\"bde-image-with-zoom-233-113 bde-image-with-zoom image-width-zoom\" style=\"background-image: url(https:\/\/tkstolarka.eu\/wp-content\/uploads\/2025\/04\/Drzwi_zewnetrzne-1-rotated.jpg\">\n    <img loading=\"lazy\" decoding=\"async\" class=\"breakdance-image-object\" src=\"https:\/\/tkstolarka.eu\/wp-content\/uploads\/2025\/04\/Drzwi_zewnetrzne-1-rotated.jpg\" width=\"1440\" height=\"2560\" srcset=\"https:\/\/tkstolarka.eu\/wp-content\/uploads\/2025\/04\/Drzwi_zewnetrzne-1-rotated.jpg 1440w, https:\/\/tkstolarka.eu\/wp-content\/uploads\/2025\/04\/Drzwi_zewnetrzne-1-169x300.jpg 169w, https:\/\/tkstolarka.eu\/wp-content\/uploads\/2025\/04\/Drzwi_zewnetrzne-1-576x1024.jpg 576w, https:\/\/tkstolarka.eu\/wp-content\/uploads\/2025\/04\/Drzwi_zewnetrzne-1-768x1365.jpg 768w, https:\/\/tkstolarka.eu\/wp-content\/uploads\/2025\/04\/Drzwi_zewnetrzne-1-864x1536.jpg 864w, https:\/\/tkstolarka.eu\/wp-content\/uploads\/2025\/04\/Drzwi_zewnetrzne-1-1152x2048.jpg 1152w\" sizes=\"auto, (max-width: 1440px) 100vw, 1440px\">\n<\/div>\n<\/div><div class=\"bde-column-233-114 bde-column\">\n  \n  \n\t\n\n\n\n<div class=\"bde-image-with-zoom-233-115 bde-image-with-zoom image-width-zoom\" style=\"background-image: url(https:\/\/tkstolarka.eu\/wp-content\/uploads\/2025\/04\/Drzwi_zewnetrzne-8.jpg\">\n    <img loading=\"lazy\" decoding=\"async\" class=\"breakdance-image-object\" src=\"https:\/\/tkstolarka.eu\/wp-content\/uploads\/2025\/04\/Drzwi_zewnetrzne-8.jpg\" width=\"1303\" height=\"1697\" srcset=\"https:\/\/tkstolarka.eu\/wp-content\/uploads\/2025\/04\/Drzwi_zewnetrzne-8.jpg 1303w, https:\/\/tkstolarka.eu\/wp-content\/uploads\/2025\/04\/Drzwi_zewnetrzne-8-230x300.jpg 230w, https:\/\/tkstolarka.eu\/wp-content\/uploads\/2025\/04\/Drzwi_zewnetrzne-8-786x1024.jpg 786w, https:\/\/tkstolarka.eu\/wp-content\/uploads\/2025\/04\/Drzwi_zewnetrzne-8-768x1000.jpg 768w, https:\/\/tkstolarka.eu\/wp-content\/uploads\/2025\/04\/Drzwi_zewnetrzne-8-1179x1536.jpg 1179w\" sizes=\"auto, (max-width: 1303px) 100vw, 1303px\">\n<\/div>\n<\/div><\/div><h2 class=\"bde-heading-233-117 bde-heading\">\nDrzwi wewn\u0119trzne\n<\/h2><div class=\"bde-columns-233-118 bde-columns\"><div class=\"bde-column-233-119 bde-column\">\n  \n  \n\t\n\n\n\n<div class=\"bde-image-with-zoom-233-120 bde-image-with-zoom image-width-zoom\" style=\"background-image: url(https:\/\/tkstolarka.eu\/wp-content\/uploads\/2025\/04\/Drzwi_wewnetrzne-21-scaled.jpg\">\n    <img loading=\"lazy\" decoding=\"async\" class=\"breakdance-image-object\" src=\"https:\/\/tkstolarka.eu\/wp-content\/uploads\/2025\/04\/Drzwi_wewnetrzne-21-scaled.jpg\" width=\"1920\" height=\"2560\" srcset=\"https:\/\/tkstolarka.eu\/wp-content\/uploads\/2025\/04\/Drzwi_wewnetrzne-21-scaled.jpg 1920w, https:\/\/tkstolarka.eu\/wp-content\/uploads\/2025\/04\/Drzwi_wewnetrzne-21-225x300.jpg 225w, https:\/\/tkstolarka.eu\/wp-content\/uploads\/2025\/04\/Drzwi_wewnetrzne-21-768x1024.jpg 768w, https:\/\/tkstolarka.eu\/wp-content\/uploads\/2025\/04\/Drzwi_wewnetrzne-21-1152x1536.jpg 1152w, https:\/\/tkstolarka.eu\/wp-content\/uploads\/2025\/04\/Drzwi_wewnetrzne-21-1536x2048.jpg 1536w\" sizes=\"auto, (max-width: 1920px) 100vw, 1920px\">\n<\/div>\n<\/div><div class=\"bde-column-233-121 bde-column\">\n  \n  \n\t\n\n\n\n<div class=\"bde-image-with-zoom-233-122 bde-image-with-zoom image-width-zoom\" style=\"background-image: url(https:\/\/tkstolarka.eu\/wp-content\/uploads\/2025\/04\/Drzwi_wewnetrzne-10-scaled.jpg\">\n    <img loading=\"lazy\" decoding=\"async\" class=\"breakdance-image-object\" src=\"https:\/\/tkstolarka.eu\/wp-content\/uploads\/2025\/04\/Drzwi_wewnetrzne-10-scaled.jpg\" width=\"1920\" height=\"2560\" srcset=\"https:\/\/tkstolarka.eu\/wp-content\/uploads\/2025\/04\/Drzwi_wewnetrzne-10-scaled.jpg 1920w, https:\/\/tkstolarka.eu\/wp-content\/uploads\/2025\/04\/Drzwi_wewnetrzne-10-225x300.jpg 225w, https:\/\/tkstolarka.eu\/wp-content\/uploads\/2025\/04\/Drzwi_wewnetrzne-10-768x1024.jpg 768w, https:\/\/tkstolarka.eu\/wp-content\/uploads\/2025\/04\/Drzwi_wewnetrzne-10-1152x1536.jpg 1152w, https:\/\/tkstolarka.eu\/wp-content\/uploads\/2025\/04\/Drzwi_wewnetrzne-10-1536x2048.jpg 1536w\" sizes=\"auto, (max-width: 1920px) 100vw, 1920px\">\n<\/div>\n<\/div><div class=\"bde-column-233-123 bde-column\">\n  \n  \n\t\n\n\n\n<div class=\"bde-image-with-zoom-233-124 bde-image-with-zoom image-width-zoom\" style=\"background-image: url(https:\/\/tkstolarka.eu\/wp-content\/uploads\/2025\/04\/Drzwi_wewnetrzne-9-scaled.jpg\">\n    <img loading=\"lazy\" decoding=\"async\" class=\"breakdance-image-object\" src=\"https:\/\/tkstolarka.eu\/wp-content\/uploads\/2025\/04\/Drzwi_wewnetrzne-9-scaled.jpg\" width=\"1702\" height=\"2560\" srcset=\"https:\/\/tkstolarka.eu\/wp-content\/uploads\/2025\/04\/Drzwi_wewnetrzne-9-scaled.jpg 1702w, https:\/\/tkstolarka.eu\/wp-content\/uploads\/2025\/04\/Drzwi_wewnetrzne-9-199x300.jpg 199w, https:\/\/tkstolarka.eu\/wp-content\/uploads\/2025\/04\/Drzwi_wewnetrzne-9-681x1024.jpg 681w, https:\/\/tkstolarka.eu\/wp-content\/uploads\/2025\/04\/Drzwi_wewnetrzne-9-768x1155.jpg 768w, https:\/\/tkstolarka.eu\/wp-content\/uploads\/2025\/04\/Drzwi_wewnetrzne-9-1021x1536.jpg 1021w, https:\/\/tkstolarka.eu\/wp-content\/uploads\/2025\/04\/Drzwi_wewnetrzne-9-1362x2048.jpg 1362w\" sizes=\"auto, (max-width: 1702px) 100vw, 1702px\">\n<\/div>\n<\/div><\/div><\/div>\n<\/section><section class=\"bde-section-233-107 bde-section\">\n  \n  \n\t\n\n\n\n<div class=\"section-container\"><h1 class=\"bde-heading-233-108 bde-heading\">\nZale\u017cy Ci na najwy\u017cszej jako\u015bci i oryginalnym projekcie? Zadzwo\u0144 i um\u00f3w spotkanie w naszej pracowni stolarskiej.\n<\/h1><\/div>\n<\/section>","protected":false},"excerpt":{"rendered":"<p>Drzwi Tworzymy drewniane drzwi wewn\u0119trzne w r\u00f3\u017cnych stylach, dopasowane do indywidualnych potrzeb klienta. Oferujemy kompletny zestaw z oscieznic\u0105 i klamk\u0105 , zapewniaj\u0105c estetyk\u0119, trwa\u0142o\u015b\u0107 i wysok\u0105 jako\u015b\u0107 wykonania. Drzwi zewn\u0119trzne Drzwi wewn\u0119trzne Zale\u017cy Ci na najwy\u017cszej jako\u015bci i oryginalnym projekcie? Zadzwo\u0144 i um\u00f3w spotkanie w naszej pracowni stolarskiej.<\/p>\n","protected":false},"author":1,"featured_media":0,"parent":0,"menu_order":0,"comment_status":"closed","ping_status":"closed","template":"","meta":{"_breakdance_hide_in_design_set":false,"_breakdance_tags":"","footnotes":""},"class_list":["post-233","page","type-page","status-publish","hentry"],"_links":{"self":[{"href":"https:\/\/tkstolarka.eu\/index.php\/wp-json\/wp\/v2\/pages\/233","targetHints":{"allow":["GET"]}}],"collection":[{"href":"https:\/\/tkstolarka.eu\/index.php\/wp-json\/wp\/v2\/pages"}],"about":[{"href":"https:\/\/tkstolarka.eu\/index.php\/wp-json\/wp\/v2\/types\/page"}],"author":[{"embeddable":true,"href":"https:\/\/tkstolarka.eu\/index.php\/wp-json\/wp\/v2\/users\/1"}],"replies":[{"embeddable":true,"href":"https:\/\/tkstolarka.eu\/index.php\/wp-json\/wp\/v2\/comments?post=233"}],"version-history":[{"count":8,"href":"https:\/\/tkstolarka.eu\/index.php\/wp-json\/wp\/v2\/pages\/233\/revisions"}],"predecessor-version":[{"id":326,"href":"https:\/\/tkstolarka.eu\/index.php\/wp-json\/wp\/v2\/pages\/233\/revisions\/326"}],"wp:attachment":[{"href":"https:\/\/tkstolarka.eu\/index.php\/wp-json\/wp\/v2\/media?parent=233"}],"curies":[{"name":"wp","href":"https:\/\/api.w.org\/{rel}","templated":true}]}}