{"id":239,"date":"2025-03-31T02:15:56","date_gmt":"2025-03-31T00:15:56","guid":{"rendered":"https:\/\/tkstolarka.eu\/?page_id=239"},"modified":"2025-04-02T14:44:51","modified_gmt":"2025-04-02T12:44:51","slug":"parapety","status":"publish","type":"page","link":"https:\/\/tkstolarka.eu\/index.php\/parapety\/","title":{"rendered":"Parapety"},"content":{"rendered":"<section class=\"bde-section-239-102 bde-section\">\n  \n  \n\t\n\n\n\n<div class=\"section-container\"><div class=\"bde-columns-239-103 bde-columns\"><div class=\"bde-column-239-104 bde-column\">\n  \n  \n\t\n\n\n\n<div class=\"bde-image-239-105 bde-image\">\n<figure class=\"breakdance-image breakdance-image--279\">\n\t<div class=\"breakdance-image-container\">\n\t\t<div class=\"breakdance-image-clip\"><img loading=\"lazy\" decoding=\"async\" class=\"breakdance-image-object\" src=\"https:\/\/tkstolarka.eu\/wp-content\/uploads\/2025\/04\/parapety-3-scaled.jpg\" width=\"1441\" height=\"2560\" srcset=\"https:\/\/tkstolarka.eu\/wp-content\/uploads\/2025\/04\/parapety-3-scaled.jpg 1441w, https:\/\/tkstolarka.eu\/wp-content\/uploads\/2025\/04\/parapety-3-169x300.jpg 169w, https:\/\/tkstolarka.eu\/wp-content\/uploads\/2025\/04\/parapety-3-576x1024.jpg 576w, https:\/\/tkstolarka.eu\/wp-content\/uploads\/2025\/04\/parapety-3-768x1365.jpg 768w, https:\/\/tkstolarka.eu\/wp-content\/uploads\/2025\/04\/parapety-3-864x1536.jpg 864w, https:\/\/tkstolarka.eu\/wp-content\/uploads\/2025\/04\/parapety-3-1153x2048.jpg 1153w\" sizes=\"auto, (max-width: 1441px) 100vw, 1441px\"><\/div>\n\t<\/div><\/figure>\n\n<\/div>\n<\/div><div class=\"bde-column-239-106 bde-column\">\n  \n  \n\t\n\n\n\n<h2 class=\"bde-heading-239-107 bde-heading\">\nParapety\n<\/h2><div class=\"bde-text-239-108 bde-text\">\nParapety drewniane to elegancki wyb\u00f3r, kt\u00f3ry nadaje wn\u0119trzom ciep\u0142a i charakteru. W naszej ofercie znajduj\u0105 si\u0119 parapety w r\u00f3\u017cnych stylach, od klasycznych, przez rustykalne, a\u017c po nowoczesne, kt\u00f3re doskonale komponuj\u0105 si\u0119 z r\u00f3\u017cnymi aran\u017cacjami wn\u0119trz.\n<\/div>\n<\/div><\/div><div class=\"bde-columns-239-109 bde-columns\"><div class=\"bde-column-239-110 bde-column\">\n  \n  \n\t\n\n\n\n<div class=\"bde-image-with-zoom-239-111 bde-image-with-zoom image-width-zoom\" style=\"background-image: url(https:\/\/tkstolarka.eu\/wp-content\/uploads\/2025\/04\/parapety-2-scaled.jpg\">\n    <img loading=\"lazy\" decoding=\"async\" class=\"breakdance-image-object\" src=\"https:\/\/tkstolarka.eu\/wp-content\/uploads\/2025\/04\/parapety-2-scaled.jpg\" width=\"1441\" height=\"2560\" srcset=\"https:\/\/tkstolarka.eu\/wp-content\/uploads\/2025\/04\/parapety-2-scaled.jpg 1441w, https:\/\/tkstolarka.eu\/wp-content\/uploads\/2025\/04\/parapety-2-169x300.jpg 169w, https:\/\/tkstolarka.eu\/wp-content\/uploads\/2025\/04\/parapety-2-576x1024.jpg 576w, https:\/\/tkstolarka.eu\/wp-content\/uploads\/2025\/04\/parapety-2-768x1365.jpg 768w, https:\/\/tkstolarka.eu\/wp-content\/uploads\/2025\/04\/parapety-2-864x1536.jpg 864w, https:\/\/tkstolarka.eu\/wp-content\/uploads\/2025\/04\/parapety-2-1153x2048.jpg 1153w\" sizes=\"auto, (max-width: 1441px) 100vw, 1441px\">\n<\/div>\n<\/div><div class=\"bde-column-239-112 bde-column\">\n  \n  \n\t\n\n\n\n<div class=\"bde-image-with-zoom-239-113 bde-image-with-zoom image-width-zoom\" style=\"background-image: url(https:\/\/tkstolarka.eu\/wp-content\/uploads\/2025\/04\/parapety-1-scaled.jpg\">\n    <img loading=\"lazy\" decoding=\"async\" class=\"breakdance-image-object\" src=\"https:\/\/tkstolarka.eu\/wp-content\/uploads\/2025\/04\/parapety-1-scaled.jpg\" width=\"1441\" height=\"2560\" srcset=\"https:\/\/tkstolarka.eu\/wp-content\/uploads\/2025\/04\/parapety-1-scaled.jpg 1441w, https:\/\/tkstolarka.eu\/wp-content\/uploads\/2025\/04\/parapety-1-169x300.jpg 169w, https:\/\/tkstolarka.eu\/wp-content\/uploads\/2025\/04\/parapety-1-576x1024.jpg 576w, https:\/\/tkstolarka.eu\/wp-content\/uploads\/2025\/04\/parapety-1-768x1365.jpg 768w, https:\/\/tkstolarka.eu\/wp-content\/uploads\/2025\/04\/parapety-1-864x1536.jpg 864w, https:\/\/tkstolarka.eu\/wp-content\/uploads\/2025\/04\/parapety-1-1153x2048.jpg 1153w\" sizes=\"auto, (max-width: 1441px) 100vw, 1441px\">\n<\/div>\n<\/div><\/div><\/div>\n<\/section><section class=\"bde-section-239-100 bde-section\">\n  \n  \n\t\n\n\n\n<div class=\"section-container\"><h1 class=\"bde-heading-239-101 bde-heading\">\nZale\u017cy Ci na najwy\u017cszej jako\u015bci i oryginalnym projekcie? Zadzwo\u0144 i um\u00f3w spotkanie w naszej pracowni stolarskiej.\n<\/h1><\/div>\n<\/section>","protected":false},"excerpt":{"rendered":"<p>Parapety Parapety drewniane to elegancki wyb\u00f3r, kt\u00f3ry nadaje wn\u0119trzom ciep\u0142a i charakteru. W naszej ofercie znajduj\u0105 si\u0119 parapety w r\u00f3\u017cnych stylach, od klasycznych, przez rustykalne, a\u017c po nowoczesne, kt\u00f3re doskonale komponuj\u0105 si\u0119 z r\u00f3\u017cnymi aran\u017cacjami wn\u0119trz. Zale\u017cy Ci na najwy\u017cszej jako\u015bci i oryginalnym projekcie? Zadzwo\u0144 i um\u00f3w spotkanie w naszej pracowni stolarskiej.<\/p>\n","protected":false},"author":1,"featured_media":0,"parent":0,"menu_order":0,"comment_status":"closed","ping_status":"closed","template":"","meta":{"_breakdance_hide_in_design_set":false,"_breakdance_tags":"","footnotes":""},"class_list":["post-239","page","type-page","status-publish","hentry"],"_links":{"self":[{"href":"https:\/\/tkstolarka.eu\/index.php\/wp-json\/wp\/v2\/pages\/239","targetHints":{"allow":["GET"]}}],"collection":[{"href":"https:\/\/tkstolarka.eu\/index.php\/wp-json\/wp\/v2\/pages"}],"about":[{"href":"https:\/\/tkstolarka.eu\/index.php\/wp-json\/wp\/v2\/types\/page"}],"author":[{"embeddable":true,"href":"https:\/\/tkstolarka.eu\/index.php\/wp-json\/wp\/v2\/users\/1"}],"replies":[{"embeddable":true,"href":"https:\/\/tkstolarka.eu\/index.php\/wp-json\/wp\/v2\/comments?post=239"}],"version-history":[{"count":6,"href":"https:\/\/tkstolarka.eu\/index.php\/wp-json\/wp\/v2\/pages\/239\/revisions"}],"predecessor-version":[{"id":323,"href":"https:\/\/tkstolarka.eu\/index.php\/wp-json\/wp\/v2\/pages\/239\/revisions\/323"}],"wp:attachment":[{"href":"https:\/\/tkstolarka.eu\/index.php\/wp-json\/wp\/v2\/media?parent=239"}],"curies":[{"name":"wp","href":"https:\/\/api.w.org\/{rel}","templated":true}]}}