{"id":244,"date":"2025-03-31T02:17:17","date_gmt":"2025-03-31T00:17:17","guid":{"rendered":"https:\/\/tkstolarka.eu\/?page_id=244"},"modified":"2025-04-02T14:44:36","modified_gmt":"2025-04-02T12:44:36","slug":"stoly","status":"publish","type":"page","link":"https:\/\/tkstolarka.eu\/index.php\/stoly\/","title":{"rendered":"Sto\u0142y"},"content":{"rendered":"<section class=\"bde-section-244-100 bde-section\">\n  \n  \n\t\n\n\n\n<div class=\"section-container\"><div class=\"bde-columns-244-101 bde-columns\"><div class=\"bde-column-244-102 bde-column\">\n  \n  \n\t\n\n\n\n<div class=\"bde-image-244-103 bde-image\">\n<figure class=\"breakdance-image breakdance-image--274\">\n\t<div class=\"breakdance-image-container\">\n\t\t<div class=\"breakdance-image-clip\"><img loading=\"lazy\" decoding=\"async\" class=\"breakdance-image-object\" src=\"https:\/\/tkstolarka.eu\/wp-content\/uploads\/2025\/04\/Stoly-i-stoliki-kawowe-1-scaled.jpg\" width=\"1441\" height=\"2560\" srcset=\"https:\/\/tkstolarka.eu\/wp-content\/uploads\/2025\/04\/Stoly-i-stoliki-kawowe-1-scaled.jpg 1441w, https:\/\/tkstolarka.eu\/wp-content\/uploads\/2025\/04\/Stoly-i-stoliki-kawowe-1-169x300.jpg 169w, https:\/\/tkstolarka.eu\/wp-content\/uploads\/2025\/04\/Stoly-i-stoliki-kawowe-1-576x1024.jpg 576w, https:\/\/tkstolarka.eu\/wp-content\/uploads\/2025\/04\/Stoly-i-stoliki-kawowe-1-768x1365.jpg 768w, https:\/\/tkstolarka.eu\/wp-content\/uploads\/2025\/04\/Stoly-i-stoliki-kawowe-1-864x1536.jpg 864w, https:\/\/tkstolarka.eu\/wp-content\/uploads\/2025\/04\/Stoly-i-stoliki-kawowe-1-1153x2048.jpg 1153w\" sizes=\"auto, (max-width: 1441px) 100vw, 1441px\"><\/div>\n\t<\/div><\/figure>\n\n<\/div>\n<\/div><div class=\"bde-column-244-104 bde-column\">\n  \n  \n\t\n\n\n\n<h2 class=\"bde-heading-244-105 bde-heading\">\nSto\u0142y \n<\/h2><div class=\"bde-text-244-106 bde-text\">\nOferujemy mo\u017cliwo\u015b\u0107 wykonania sto\u0142\u00f3w loftowych w r\u00f3\u017cnych rozmiarach, grubo\u015bciach i kolorach, aby idealnie pasowa\u0142y do wn\u0119trza i preferencji klienta. Dzi\u0119ki r\u00f3\u017cnorodno\u015bci materia\u0142\u00f3w i wyko\u0144cze\u0144, mo\u017cna stworzy\u0107 unikalny st\u00f3\u0142, kt\u00f3ry b\u0119dzie nie tylko praktyczny, ale tak\u017ce stanowi\u0107 designerski element przestrzeni.\n<\/div>\n<\/div><\/div><div class=\"bde-columns-244-110 bde-columns\"><div class=\"bde-column-244-111 bde-column\">\n  \n  \n\t\n\n\n\n<div class=\"bde-image-with-zoom-244-115 bde-image-with-zoom image-width-zoom\" style=\"background-image: url(https:\/\/tkstolarka.eu\/wp-content\/uploads\/2025\/04\/Stoly-i-stoliki-kawowe-7.jpg\">\n    <img loading=\"lazy\" decoding=\"async\" class=\"breakdance-image-object\" src=\"https:\/\/tkstolarka.eu\/wp-content\/uploads\/2025\/04\/Stoly-i-stoliki-kawowe-7.jpg\" width=\"8160\" height=\"6120\" srcset=\"https:\/\/tkstolarka.eu\/wp-content\/uploads\/2025\/04\/Stoly-i-stoliki-kawowe-7.jpg 8160w, https:\/\/tkstolarka.eu\/wp-content\/uploads\/2025\/04\/Stoly-i-stoliki-kawowe-7-300x225.jpg 300w, https:\/\/tkstolarka.eu\/wp-content\/uploads\/2025\/04\/Stoly-i-stoliki-kawowe-7-1024x768.jpg 1024w, https:\/\/tkstolarka.eu\/wp-content\/uploads\/2025\/04\/Stoly-i-stoliki-kawowe-7-768x576.jpg 768w\" sizes=\"auto, (max-width: 8160px) 100vw, 8160px\">\n<\/div>\n<\/div><div class=\"bde-column-244-112 bde-column\">\n  \n  \n\t\n\n\n\n<div class=\"bde-image-with-zoom-244-116 bde-image-with-zoom image-width-zoom\" style=\"background-image: url(https:\/\/tkstolarka.eu\/wp-content\/uploads\/2025\/04\/Stoly-i-stoliki-kawowe-4-scaled.jpg\">\n    <img loading=\"lazy\" decoding=\"async\" class=\"breakdance-image-object\" src=\"https:\/\/tkstolarka.eu\/wp-content\/uploads\/2025\/04\/Stoly-i-stoliki-kawowe-4-scaled.jpg\" width=\"2560\" height=\"1920\" srcset=\"https:\/\/tkstolarka.eu\/wp-content\/uploads\/2025\/04\/Stoly-i-stoliki-kawowe-4-scaled.jpg 2560w, https:\/\/tkstolarka.eu\/wp-content\/uploads\/2025\/04\/Stoly-i-stoliki-kawowe-4-300x225.jpg 300w, https:\/\/tkstolarka.eu\/wp-content\/uploads\/2025\/04\/Stoly-i-stoliki-kawowe-4-1024x768.jpg 1024w, https:\/\/tkstolarka.eu\/wp-content\/uploads\/2025\/04\/Stoly-i-stoliki-kawowe-4-768x576.jpg 768w, https:\/\/tkstolarka.eu\/wp-content\/uploads\/2025\/04\/Stoly-i-stoliki-kawowe-4-1536x1152.jpg 1536w, https:\/\/tkstolarka.eu\/wp-content\/uploads\/2025\/04\/Stoly-i-stoliki-kawowe-4-2048x1536.jpg 2048w\" sizes=\"auto, (max-width: 2560px) 100vw, 2560px\">\n<\/div>\n<\/div><div class=\"bde-column-244-113 bde-column\">\n  \n  \n\t\n\n\n\n<div class=\"bde-image-with-zoom-244-117 bde-image-with-zoom image-width-zoom\" style=\"background-image: url(https:\/\/tkstolarka.eu\/wp-content\/uploads\/2025\/04\/Stoly-i-stoliki-kawowe-3-scaled.jpg\">\n    <img loading=\"lazy\" decoding=\"async\" class=\"breakdance-image-object\" src=\"https:\/\/tkstolarka.eu\/wp-content\/uploads\/2025\/04\/Stoly-i-stoliki-kawowe-3-scaled.jpg\" width=\"2560\" height=\"1441\" srcset=\"https:\/\/tkstolarka.eu\/wp-content\/uploads\/2025\/04\/Stoly-i-stoliki-kawowe-3-scaled.jpg 2560w, https:\/\/tkstolarka.eu\/wp-content\/uploads\/2025\/04\/Stoly-i-stoliki-kawowe-3-300x169.jpg 300w, https:\/\/tkstolarka.eu\/wp-content\/uploads\/2025\/04\/Stoly-i-stoliki-kawowe-3-1024x576.jpg 1024w, https:\/\/tkstolarka.eu\/wp-content\/uploads\/2025\/04\/Stoly-i-stoliki-kawowe-3-768x432.jpg 768w, https:\/\/tkstolarka.eu\/wp-content\/uploads\/2025\/04\/Stoly-i-stoliki-kawowe-3-1536x864.jpg 1536w, https:\/\/tkstolarka.eu\/wp-content\/uploads\/2025\/04\/Stoly-i-stoliki-kawowe-3-2048x1153.jpg 2048w\" sizes=\"auto, (max-width: 2560px) 100vw, 2560px\">\n<\/div>\n<\/div><\/div><\/div>\n<\/section><section class=\"bde-section-244-107 bde-section\">\n  \n  \n\t\n\n\n\n<div class=\"section-container\"><h1 class=\"bde-heading-244-108 bde-heading\">\nZale\u017cy Ci na najwy\u017cszej jako\u015bci i oryginalnym projekcie? Zadzwo\u0144 i um\u00f3w spotkanie w naszej pracowni stolarskiej.\n<\/h1><\/div>\n<\/section>","protected":false},"excerpt":{"rendered":"<p>Sto\u0142y Oferujemy mo\u017cliwo\u015b\u0107 wykonania sto\u0142\u00f3w loftowych w r\u00f3\u017cnych rozmiarach, grubo\u015bciach i kolorach, aby idealnie pasowa\u0142y do wn\u0119trza i preferencji klienta. Dzi\u0119ki r\u00f3\u017cnorodno\u015bci materia\u0142\u00f3w i wyko\u0144cze\u0144, mo\u017cna stworzy\u0107 unikalny st\u00f3\u0142, kt\u00f3ry b\u0119dzie nie tylko praktyczny, ale tak\u017ce stanowi\u0107 designerski element przestrzeni. Zale\u017cy Ci na najwy\u017cszej jako\u015bci i oryginalnym projekcie? Zadzwo\u0144 i um\u00f3w spotkanie w naszej pracowni [&hellip;]<\/p>\n","protected":false},"author":1,"featured_media":0,"parent":0,"menu_order":0,"comment_status":"closed","ping_status":"closed","template":"","meta":{"_breakdance_hide_in_design_set":false,"_breakdance_tags":"","footnotes":""},"class_list":["post-244","page","type-page","status-publish","hentry"],"_links":{"self":[{"href":"https:\/\/tkstolarka.eu\/index.php\/wp-json\/wp\/v2\/pages\/244","targetHints":{"allow":["GET"]}}],"collection":[{"href":"https:\/\/tkstolarka.eu\/index.php\/wp-json\/wp\/v2\/pages"}],"about":[{"href":"https:\/\/tkstolarka.eu\/index.php\/wp-json\/wp\/v2\/types\/page"}],"author":[{"embeddable":true,"href":"https:\/\/tkstolarka.eu\/index.php\/wp-json\/wp\/v2\/users\/1"}],"replies":[{"embeddable":true,"href":"https:\/\/tkstolarka.eu\/index.php\/wp-json\/wp\/v2\/comments?post=244"}],"version-history":[{"count":9,"href":"https:\/\/tkstolarka.eu\/index.php\/wp-json\/wp\/v2\/pages\/244\/revisions"}],"predecessor-version":[{"id":322,"href":"https:\/\/tkstolarka.eu\/index.php\/wp-json\/wp\/v2\/pages\/244\/revisions\/322"}],"wp:attachment":[{"href":"https:\/\/tkstolarka.eu\/index.php\/wp-json\/wp\/v2\/media?parent=244"}],"curies":[{"name":"wp","href":"https:\/\/api.w.org\/{rel}","templated":true}]}}