{"id":254,"date":"2025-03-31T02:20:08","date_gmt":"2025-03-31T00:20:08","guid":{"rendered":"https:\/\/tkstolarka.eu\/?page_id=254"},"modified":"2025-04-02T14:43:34","modified_gmt":"2025-04-02T12:43:34","slug":"indywidualne-projekty","status":"publish","type":"page","link":"https:\/\/tkstolarka.eu\/index.php\/indywidualne-projekty\/","title":{"rendered":"Indywidualne projekty"},"content":{"rendered":"<section class=\"bde-section-254-100 bde-section\">\n  \n  \n\t\n\n\n\n<div class=\"section-container\"><div class=\"bde-columns-254-101 bde-columns\"><div class=\"bde-column-254-102 bde-column\">\n  \n  \n\t\n\n\n\n<div class=\"bde-image-254-103 bde-image\">\n<figure class=\"breakdance-image breakdance-image--206\">\n\t<div class=\"breakdance-image-container\">\n\t\t<div class=\"breakdance-image-clip\"><img loading=\"lazy\" decoding=\"async\" class=\"breakdance-image-object\" src=\"https:\/\/tkstolarka.eu\/wp-content\/uploads\/2025\/03\/484452014_122105044388798634_2416568347803484513_n-1.jpg\" width=\"1073\" height=\"807\" srcset=\"https:\/\/tkstolarka.eu\/wp-content\/uploads\/2025\/03\/484452014_122105044388798634_2416568347803484513_n-1.jpg 1073w, https:\/\/tkstolarka.eu\/wp-content\/uploads\/2025\/03\/484452014_122105044388798634_2416568347803484513_n-1-300x226.jpg 300w, https:\/\/tkstolarka.eu\/wp-content\/uploads\/2025\/03\/484452014_122105044388798634_2416568347803484513_n-1-1024x770.jpg 1024w, https:\/\/tkstolarka.eu\/wp-content\/uploads\/2025\/03\/484452014_122105044388798634_2416568347803484513_n-1-768x578.jpg 768w\" sizes=\"auto, (max-width: 1073px) 100vw, 1073px\"><\/div>\n\t<\/div><\/figure>\n\n<\/div>\n<\/div><div class=\"bde-column-254-104 bde-column\">\n  \n  \n\t\n\n\n\n<h2 class=\"bde-heading-254-105 bde-heading\">\nIndywidualne projekty\n<\/h2><div class=\"bde-text-254-106 bde-text\">\nTworzymy indywidualne projekty, kt\u00f3re obejmuj\u0105 zabudowy, szafy, szafki do \u0142azienek, belki podsufitowe oraz inne unikalne elementy z drewna. Ka\u017cdy projekt dostosowujemy do potrzeb klienta, dbaj\u0105c o estetyk\u0119 i funkcjonalno\u015b\u0107, tworz\u0105c rozwi\u0105zania idealnie pasuj\u0105ce do wn\u0119trza.\n<\/div>\n<\/div><\/div><\/div>\n<\/section><section class=\"bde-section-254-107 bde-section\">\n  \n  \n\t\n\n\n\n<div class=\"section-container\"><h1 class=\"bde-heading-254-108 bde-heading\">\nZale\u017cy Ci na najwy\u017cszej jako\u015bci i oryginalnym projekcie? Zadzwo\u0144 i um\u00f3w spotkanie w naszej pracowni stolarskiej.\n<\/h1><\/div>\n<\/section>","protected":false},"excerpt":{"rendered":"<p>Indywidualne projekty Tworzymy indywidualne projekty, kt\u00f3re obejmuj\u0105 zabudowy, szafy, szafki do \u0142azienek, belki podsufitowe oraz inne unikalne elementy z drewna. Ka\u017cdy projekt dostosowujemy do potrzeb klienta, dbaj\u0105c o estetyk\u0119 i funkcjonalno\u015b\u0107, tworz\u0105c rozwi\u0105zania idealnie pasuj\u0105ce do wn\u0119trza. Zale\u017cy Ci na najwy\u017cszej jako\u015bci i oryginalnym projekcie? Zadzwo\u0144 i um\u00f3w spotkanie w naszej pracowni stolarskiej.<\/p>\n","protected":false},"author":1,"featured_media":0,"parent":0,"menu_order":0,"comment_status":"closed","ping_status":"closed","template":"","meta":{"_breakdance_hide_in_design_set":false,"_breakdance_tags":"","footnotes":""},"class_list":["post-254","page","type-page","status-publish","hentry"],"_links":{"self":[{"href":"https:\/\/tkstolarka.eu\/index.php\/wp-json\/wp\/v2\/pages\/254","targetHints":{"allow":["GET"]}}],"collection":[{"href":"https:\/\/tkstolarka.eu\/index.php\/wp-json\/wp\/v2\/pages"}],"about":[{"href":"https:\/\/tkstolarka.eu\/index.php\/wp-json\/wp\/v2\/types\/page"}],"author":[{"embeddable":true,"href":"https:\/\/tkstolarka.eu\/index.php\/wp-json\/wp\/v2\/users\/1"}],"replies":[{"embeddable":true,"href":"https:\/\/tkstolarka.eu\/index.php\/wp-json\/wp\/v2\/comments?post=254"}],"version-history":[{"count":5,"href":"https:\/\/tkstolarka.eu\/index.php\/wp-json\/wp\/v2\/pages\/254\/revisions"}],"predecessor-version":[{"id":319,"href":"https:\/\/tkstolarka.eu\/index.php\/wp-json\/wp\/v2\/pages\/254\/revisions\/319"}],"wp:attachment":[{"href":"https:\/\/tkstolarka.eu\/index.php\/wp-json\/wp\/v2\/media?parent=254"}],"curies":[{"name":"wp","href":"https:\/\/api.w.org\/{rel}","templated":true}]}}