{"id":330,"date":"2025-04-03T12:59:19","date_gmt":"2025-04-03T10:59:19","guid":{"rendered":"https:\/\/tkstolarka.eu\/?page_id=330"},"modified":"2025-04-03T13:13:55","modified_gmt":"2025-04-03T11:13:55","slug":"polityka-prywatnosci","status":"publish","type":"page","link":"https:\/\/tkstolarka.eu\/index.php\/polityka-prywatnosci\/","title":{"rendered":"Polityka prywatno\u015bci"},"content":{"rendered":"<section class=\"bde-section-330-100 bde-section\">\n  \n  \n\t\n\n\n\n<div class=\"section-container\"><div class=\"bde-rich-text-330-101 bde-rich-text breakdance-rich-text-styles\">\n<p class=\"\" data-start=\"291\" data-end=\"315\"><strong data-start=\"291\" data-end=\"315\">Polityka prywatno\u015bci<\/strong><\/p><p class=\"\" data-start=\"317\" data-end=\"329\"><strong data-start=\"317\" data-end=\"329\">1. Wst\u0119p<\/strong><\/p><p class=\"\" data-start=\"331\" data-end=\"846\">Niniejsza Polityka prywatno\u015bci okre\u015bla zasady przetwarzania i ochrony danych osobowych u\u017cytkownik\u00f3w, kt\u00f3rzy korzystaj\u0105 z naszej strony internetowej www\/tkstolarka.eu (dalej \u201estrona\u201d). Dbamy o prywatno\u015b\u0107 naszych u\u017cytkownik\u00f3w i zapewniamy, \u017ce przetwarzanie danych osobowych odbywa si\u0119 zgodnie z obowi\u0105zuj\u0105cymi przepisami prawa, w szczeg\u00f3lno\u015bci z Rozporz\u0105dzeniem Parlamentu Europejskiego i Rady (UE) 2016\/679 z dnia 27 kwietnia 2016 r. w sprawie ochrony os\u00f3b fizycznych w zwi\u0105zku z przetwarzaniem danych osobowych (RODO).<\/p><p class=\"\" data-start=\"848\" data-end=\"885\"><strong data-start=\"848\" data-end=\"885\">2. Administrator danych osobowych<\/strong><\/p><p class=\"\" data-start=\"887\" data-end=\"1070\">Administratorem danych osobowych u\u017cytkownik\u00f3w strony internetowej jest Tomasz Kobierski-zak\u0142ad stolarski, z siedzib\u0105 w ul. Kwiatowa 4 62-560 Skulsk, NIP: 6651030293, e-mail: tomaszkobierskischody@onet.eu.<\/p><p class=\"\" data-start=\"1072\" data-end=\"1117\"><strong data-start=\"1072\" data-end=\"1117\">3. Zakres przetwarzanych danych osobowych<\/strong><\/p><p class=\"\" data-start=\"1119\" data-end=\"1373\">Na naszej stronie internetowej nie gromadzimy danych osobowych poprzez formularze kontaktowe ani inne aktywne mechanizmy zbierania danych. W przypadku odwiedzin strony mo\u017cemy jednak automatycznie zbiera\u0107 pewne informacje dotycz\u0105ce u\u017cytkownika, takie jak:<\/p><ul data-start=\"1375\" data-end=\"1598\"><li class=\"\" data-start=\"1375\" data-end=\"1398\"><p class=\"\" data-start=\"1377\" data-end=\"1398\">adres IP u\u017cytkownika,<\/p><\/li><li class=\"\" data-start=\"1399\" data-end=\"1456\"><p class=\"\" data-start=\"1401\" data-end=\"1456\">dane o przegl\u0105darce i systemie operacyjnym u\u017cytkownika,<\/p><\/li><li class=\"\" data-start=\"1457\" data-end=\"1530\"><p class=\"\" data-start=\"1459\" data-end=\"1530\">informacje o czasie sp\u0119dzonym na stronie oraz odwiedzanych podstronach,<\/p><\/li><li class=\"\" data-start=\"1531\" data-end=\"1598\"><p class=\"\" data-start=\"1533\" data-end=\"1598\">informacje zbierane za pomoc\u0105 plik\u00f3w cookies (szczeg\u00f3\u0142y poni\u017cej).<\/p><\/li><\/ul><p class=\"\" data-start=\"1600\" data-end=\"1642\"><strong data-start=\"1600\" data-end=\"1642\">4. Cele przetwarzania danych osobowych<\/strong><\/p><p class=\"\" data-start=\"1644\" data-end=\"1709\">Przetwarzanie danych osobowych odbywa si\u0119 w nast\u0119puj\u0105cych celach:<\/p><ul data-start=\"1711\" data-end=\"1937\"><li class=\"\" data-start=\"1711\" data-end=\"1793\"><p class=\"\" data-start=\"1713\" data-end=\"1793\">Zapewnienie prawid\u0142owego funkcjonowania strony internetowej i jej optymalizacji,<\/p><\/li><li class=\"\" data-start=\"1794\" data-end=\"1888\"><p class=\"\" data-start=\"1796\" data-end=\"1888\">Analiza statystyczna ruchu na stronie, w tym za pomoc\u0105 narz\u0119dzi takich jak Google Analytics,<\/p><\/li><li class=\"\" data-start=\"1889\" data-end=\"1937\"><p class=\"\" data-start=\"1891\" data-end=\"1937\">Utrzymanie bezpiecze\u0144stwa strony internetowej.<\/p><\/li><\/ul><p class=\"\" data-start=\"1939\" data-end=\"1967\"><strong data-start=\"1939\" data-end=\"1967\">5. Przechowywanie danych<\/strong><\/p><p class=\"\" data-start=\"1969\" data-end=\"2328\">Dane osobowe przetwarzane na naszej stronie internetowej b\u0119d\u0105 przechowywane przez okres niezb\u0119dny do realizacji cel\u00f3w, dla kt\u00f3rych zosta\u0142y zebrane. Dane zbierane w celach analitycznych (np. dane o ruchu na stronie) b\u0119d\u0105 przechowywane przez czas okre\u015blony przez odpowiednie narz\u0119dzia analityczne, takie jak Google Analytics, zgodnie z ich polityk\u0105 prywatno\u015bci.<\/p><p class=\"\" data-start=\"2330\" data-end=\"2350\"><strong data-start=\"2330\" data-end=\"2350\">6. Pliki cookies<\/strong><\/p><p class=\"\" data-start=\"2352\" data-end=\"2658\">Nasza strona internetowa u\u017cywa plik\u00f3w cookies w celu poprawy jako\u015bci us\u0142ug oraz analizowania ruchu na stronie. Pliki cookies to ma\u0142e pliki tekstowe, kt\u00f3re s\u0105 przechowywane na urz\u0105dzeniu u\u017cytkownika i umo\u017cliwiaj\u0105 rozpoznanie jego urz\u0105dzenia oraz zbieranie informacji dotycz\u0105cych korzystania z naszej strony.<\/p><p class=\"\" data-start=\"2660\" data-end=\"2846\">U\u017cytkownicy mog\u0105 w ka\u017cdej chwili zmieni\u0107 ustawienia dotycz\u0105ce plik\u00f3w cookies w swojej przegl\u0105darce internetowej. Zablokowanie plik\u00f3w cookies mo\u017ce jednak wp\u0142yn\u0105\u0107 na funkcjonalno\u015b\u0107 strony.<\/p><p class=\"\" data-start=\"2848\" data-end=\"2873\"><strong data-start=\"2848\" data-end=\"2873\">7. Prawa u\u017cytkownik\u00f3w<\/strong><\/p><p class=\"\" data-start=\"2875\" data-end=\"2951\">Zgodnie z przepisami o ochronie danych osobowych, u\u017cytkownicy maj\u0105 prawo do:<\/p><ul data-start=\"2953\" data-end=\"3427\"><li class=\"\" data-start=\"2953\" data-end=\"2990\"><p class=\"\" data-start=\"2955\" data-end=\"2990\">Dost\u0119pu do swoich danych osobowych,<\/p><\/li><li class=\"\" data-start=\"2991\" data-end=\"3068\"><p class=\"\" data-start=\"2993\" data-end=\"3068\">Sprostowania danych osobowych, je\u015bli s\u0105 one nieprawid\u0142owe lub niekompletne,<\/p><\/li><li class=\"\" data-start=\"3069\" data-end=\"3160\"><p class=\"\" data-start=\"3071\" data-end=\"3160\">Usuni\u0119cia danych osobowych, gdy nie s\u0105 ju\u017c potrzebne do cel\u00f3w, w kt\u00f3rych zosta\u0142y zebrane,<\/p><\/li><li class=\"\" data-start=\"3161\" data-end=\"3232\"><p class=\"\" data-start=\"3163\" data-end=\"3232\">Ograniczenia przetwarzania danych osobowych w okre\u015blonych sytuacjach,<\/p><\/li><li class=\"\" data-start=\"3233\" data-end=\"3312\"><p class=\"\" data-start=\"3235\" data-end=\"3312\">Przenoszenia danych, je\u015bli dane s\u0105 przetwarzane na podstawie zgody lub umowy,<\/p><\/li><li class=\"\" data-start=\"3313\" data-end=\"3427\"><p class=\"\" data-start=\"3315\" data-end=\"3427\">Sprzeciwu wobec przetwarzania danych osobowych, w tym sprzeciwu wobec ich przetwarzania w celach marketingowych.<\/p><\/li><\/ul><p class=\"\" data-start=\"3429\" data-end=\"3516\">Aby skorzysta\u0107 z powy\u017cszych praw, prosimy o kontakt pod adresem e-mail: [adres e-mail].<\/p><p class=\"\" data-start=\"3518\" data-end=\"3555\"><strong data-start=\"3518\" data-end=\"3555\">8. Przekazywanie danych osobowych<\/strong><\/p><p class=\"\" data-start=\"3557\" data-end=\"3717\">Nie przekazujemy danych osobowych u\u017cytkownik\u00f3w stronom trzecim, chyba \u017ce wymaga tego obowi\u0105zek prawny lub istnieje uzasadniony interes prawny w takim dzia\u0142aniu.<\/p><p class=\"\" data-start=\"3719\" data-end=\"3757\"><strong data-start=\"3719\" data-end=\"3757\">9. Zabezpieczenie danych osobowych<\/strong><\/p><p class=\"\" data-start=\"3759\" data-end=\"3959\">Dbamy o bezpiecze\u0144stwo danych osobowych u\u017cytkownik\u00f3w i podejmujemy odpowiednie \u015brodki techniczne i organizacyjne w celu ich ochrony przed nieuprawnionym dost\u0119pem, zmian\u0105, ujawnieniem lub zniszczeniem.<\/p><p class=\"\" data-start=\"3961\" data-end=\"3998\"><strong data-start=\"3961\" data-end=\"3998\">10. Zmiany w polityce prywatno\u015bci<\/strong><\/p><p class=\"\" data-start=\"4000\" data-end=\"4221\">Zastrzegamy sobie prawo do wprowadzania zmian w niniejszej Polityce prywatno\u015bci. W przypadku dokonania zmian, u\u017cytkownicy zostan\u0105 o nich poinformowani poprzez zamieszczenie odpowiednich informacji na stronie internetowej.<\/p><p class=\"\" data-start=\"4223\" data-end=\"4238\"><strong data-start=\"4223\" data-end=\"4238\">11. Kontakt<\/strong><\/p><p class=\"\" data-start=\"4240\" data-end=\"4380\">W przypadku pyta\u0144 dotycz\u0105cych polityki prywatno\u015bci lub przetwarzania danych osobowych, prosimy o kontakt pod adresem e-mail: tomaszkobierskischody@onet.eu.<\/p>\n<\/div><\/div>\n<\/section>","protected":false},"excerpt":{"rendered":"<p>Polityka prywatno\u015bci1. Wst\u0119pNiniejsza Polityka prywatno\u015bci okre\u015bla zasady przetwarzania i ochrony danych osobowych u\u017cytkownik\u00f3w, kt\u00f3rzy korzystaj\u0105 z naszej strony internetowej www\/tkstolarka.eu (dalej \u201estrona\u201d). Dbamy o prywatno\u015b\u0107 naszych u\u017cytkownik\u00f3w i zapewniamy, \u017ce przetwarzanie danych osobowych odbywa si\u0119 zgodnie z obowi\u0105zuj\u0105cymi przepisami prawa, w szczeg\u00f3lno\u015bci z Rozporz\u0105dzeniem Parlamentu Europejskiego i Rady (UE) 2016\/679 z dnia 27 kwietnia 2016 [&hellip;]<\/p>\n","protected":false},"author":1,"featured_media":0,"parent":0,"menu_order":0,"comment_status":"closed","ping_status":"closed","template":"","meta":{"_breakdance_hide_in_design_set":false,"_breakdance_tags":"","footnotes":""},"class_list":["post-330","page","type-page","status-publish","hentry"],"_links":{"self":[{"href":"https:\/\/tkstolarka.eu\/index.php\/wp-json\/wp\/v2\/pages\/330","targetHints":{"allow":["GET"]}}],"collection":[{"href":"https:\/\/tkstolarka.eu\/index.php\/wp-json\/wp\/v2\/pages"}],"about":[{"href":"https:\/\/tkstolarka.eu\/index.php\/wp-json\/wp\/v2\/types\/page"}],"author":[{"embeddable":true,"href":"https:\/\/tkstolarka.eu\/index.php\/wp-json\/wp\/v2\/users\/1"}],"replies":[{"embeddable":true,"href":"https:\/\/tkstolarka.eu\/index.php\/wp-json\/wp\/v2\/comments?post=330"}],"version-history":[{"count":4,"href":"https:\/\/tkstolarka.eu\/index.php\/wp-json\/wp\/v2\/pages\/330\/revisions"}],"predecessor-version":[{"id":335,"href":"https:\/\/tkstolarka.eu\/index.php\/wp-json\/wp\/v2\/pages\/330\/revisions\/335"}],"wp:attachment":[{"href":"https:\/\/tkstolarka.eu\/index.php\/wp-json\/wp\/v2\/media?parent=330"}],"curies":[{"name":"wp","href":"https:\/\/api.w.org\/{rel}","templated":true}]}}